{"id":3628,"date":"2018-10-25T16:44:28","date_gmt":"2018-10-25T16:44:28","guid":{"rendered":"http:\/\/wordpress-89239-751689.cloudwaysapps.com\/?page_id=1328"},"modified":"2026-03-22T16:43:45","modified_gmt":"2026-03-22T13:43:45","slug":"perguntas-frequentes-2","status":"publish","type":"page","link":"https:\/\/www.yachttogo.com\/pt\/frequently-asked-questions-2\/","title":{"rendered":"P F"},"content":{"rendered":"<div class=\"wpb-content-wrapper\"><div class=\"vc_row wpb_row vc_row-fluid\"><div class=\"wpb_column vc_column_container vc_col-sm-12\"><div class=\"vc_column-inner\"><div class=\"wpb_wrapper\">\n\t<div class=\"wpb_text_column wpb_content_element\" >\n\t\t<div class=\"wpb_wrapper\">\n\t\t\t<div>\n<div>\n<h2><strong>Descubra a YachttoGO e a nossa frota.<\/strong><\/h2>\n<\/div>\n<\/div>\n\n\t\t<\/div>\n\t<\/div>\n<div  class=\"vc_do_toggle vc_toggle vc_toggle_default vc_toggle_color_default  vc_toggle_size_md\"><div class=\"vc_toggle_title\"><h4>Que tipos de iates est\u00e3o listados no YachttoGO?<\/h4><i class=\"vc_toggle_icon\"><\/i><\/div><div class=\"vc_toggle_content\"><p><strong>Diversidade de iates privados para alugar em todo o mundo.<\/strong><br \/>\n<a href=\"https:\/\/www.yachttogo.com\/pt\/tipo_de_barco\/aluguel-de-iate-particular\/\" target=\"_blank\" rel=\"noopener\">Iates de luxo para alugar<\/a>Desfrute de um servi\u00e7o impec\u00e1vel e comodidades VIP.<br \/>\n<a href=\"https:\/\/www.yachttogo.com\/pt\/tipo\/aluguel-de-catamara\/\" target=\"_blank\" rel=\"noopener\">Catamar\u00e3s espa\u00e7osos<\/a>Ideal para fam\u00edlias e grupos que buscam o m\u00e1ximo conforto e estabilidade.<br \/>\n<a href=\"https:\/\/www.yachttogo.com\/pt\/tipo\/aluguel-de-iates-a-vela\/\" target=\"_blank\" rel=\"noopener\">Iates \u00e0 vela<\/a>Torne-se seu pr\u00f3prio capit\u00e3o e trace seu pr\u00f3prio rumo.<br \/>\n<a href=\"https:\/\/www.yachttogo.com\/pt\/tipo\/aluguel-de-iates-a-motor\/\" target=\"_blank\" rel=\"noopener\">Iates a motor<\/a>Desfrute de velocidade, pot\u00eancia e sofistica\u00e7\u00e3o moderna.<br \/>\n<a href=\"https:\/\/www.yachttogo.com\/pt\/tipo\/aluguel-de-gulet\/\" target=\"_blank\" rel=\"noopener\">Goletas tradicionais<\/a>Descubra o charme aut\u00eantico de um cruzeiro azul turco a bordo de uma goleta com tripula\u00e7\u00e3o.<\/p>\n<p>A escolha \u00e9 sua: opte por um iate de luxo, um iate com tripula\u00e7\u00e3o ou um barco sem tripula\u00e7\u00e3o para ser o seu pr\u00f3prio capit\u00e3o no destino escolhido. Desde barcos de aluguel menores at\u00e9 grandes goletas de luxo ou superiates, oferecemos conhecimento aprofundado para ajud\u00e1-lo a alugar a embarca\u00e7\u00e3o perfeita.<\/p>\n<\/div><\/div><div  class=\"vc_do_toggle vc_toggle vc_toggle_default vc_toggle_color_default  vc_toggle_size_md\"><div class=\"vc_toggle_title\"><h4>Que tipo de aluguel de iate voc\u00ea est\u00e1 procurando?<\/h4><i class=\"vc_toggle_icon\"><\/i><\/div><div class=\"vc_toggle_content\"><p><strong>Alugar um iate particular, um iate com tripula\u00e7\u00e3o ou um barco sem tripula\u00e7\u00e3o?<\/strong><br \/>\nExplorar <a href=\"https:\/\/www.yachttogo.com\/pt\/barcos-iates-2\/\" target=\"_blank\" rel=\"noopener\">Iates de luxo para alugar<\/a> Encontre ofertas exclusivas em nossa plataforma. Consulta gratuita: Conte-nos qual o itiner\u00e1rio que voc\u00ea deseja.<\/p>\n<p><strong>As f\u00e9rias perfeitas em um iate de luxo alugado.<\/strong><br \/>\nDesfrute de um servi\u00e7o impec\u00e1vel, gastronomia requintada e roteiros personalizados para atender a todos os seus desejos com um pacote completo. <a href=\"https:\/\/www.yachttogo.com\/pt\/tipo_de_barco\/aluguel-de-iate-com-tripulacao\/\" target=\"_blank\" rel=\"noopener\">aluguel de iate com tripula\u00e7\u00e3o<\/a>. Deixe que corretores e tripula\u00e7\u00f5es experientes cuidem de todos os detalhes enquanto voc\u00ea relaxa e explora destinos deslumbrantes em todo o mundo.<\/p>\n<\/div><\/div><div  class=\"vc_do_toggle vc_toggle vc_toggle_default vc_toggle_color_default  vc_toggle_size_md\"><div class=\"vc_toggle_title\"><h4>Est\u00e1 procurando um barco para alugar sem tripula\u00e7\u00e3o para f\u00e9rias de veleiro?<\/h4><i class=\"vc_toggle_icon\"><\/i><\/div><div class=\"vc_toggle_content\"><p>Se voc\u00ea est\u00e1 procurando por um <a href=\"https:\/\/www.yachttogo.com\/pt\/tipo_de_barco\/aluguel-de-barcos-a-casco-nu\/\" target=\"_blank\" rel=\"noopener\">aluguel de barcos a casco nu<\/a> Para f\u00e9rias de barco \u00e0 vela, a YachttoGO \u00e9 a escolha ideal. Voc\u00ea pode encontrar e reservar suas f\u00e9rias diretamente com os propriet\u00e1rios, com total confian\u00e7a, sabendo que est\u00e1 obtendo o melhor custo-benef\u00edcio poss\u00edvel.<\/p>\n<p>Na YachttoGO, voc\u00ea encontrar\u00e1 centenas de barcos de aluguel premium para navegar pelo Mar Egeu e pelo Mediterr\u00e2neo. Agora voc\u00ea pode explorar os melhores destinos n\u00e1uticos, marinas e ba\u00edas da Turquia (Marmaris, Bodrum, Fethiye, G\u00f6cek), Cro\u00e1cia, Gr\u00e9cia e muito mais.<\/p>\n<\/div><\/div><div  class=\"vc_do_toggle vc_toggle vc_toggle_default vc_toggle_color_default  vc_toggle_size_md\"><div class=\"vc_toggle_title\"><h4>Por que escolher a YachttoGO para suas f\u00e9rias de aluguel de iate particular?<\/h4><i class=\"vc_toggle_icon\"><\/i><\/div><div class=\"vc_toggle_content\"><p>Existem muitas raz\u00f5es para escolher a YachttoGO ao alugar um barco. <a href=\"https:\/\/www.yachttogo.com\/pt\/tipo_de_barco\/aluguel-de-iate-particular\/\" target=\"_blank\" rel=\"noopener\">iate particular<\/a>. Oferecemos uma sele\u00e7\u00e3o de elite de iates para aluguel privado, superiates, veleiros sem tripula\u00e7\u00e3o e outros. <a href=\"https:\/\/www.yachttogo.com\/pt\/tipo\/aluguel-de-gulet\/\" target=\"_blank\" rel=\"noopener\">guetos de luxo<\/a> em destinos premium:<\/p>\n<ul>\n<li><strong>Turquia:<\/strong> Navegue pela costa turquesa ao redor de Marmaris, Bodrum, Gocek e Fethiye.<\/li>\n<li><strong>Gr\u00e9cia:<\/strong> Explore as ilhas do Mar Egeu, descobrindo vilarejos pitorescos.<\/li>\n<li><strong>Cro\u00e1cia:<\/strong> Descubra a beleza deslumbrante da costa da Dalm\u00e1cia.<\/li>\n<li><strong>Dubai:<\/strong> Combine luxo incompar\u00e1vel e paisagens urbanas futuristas.<\/li>\n<\/ul>\n<p>Oferecemos tarifas altamente competitivas, taxas de fretamento transparentes e contato direto com os propriet\u00e1rios dos iates para uma experi\u00eancia de reserva perfeita.<\/p>\n<\/div><\/div><div  class=\"vc_do_toggle vc_toggle vc_toggle_default vc_toggle_color_default  vc_toggle_size_md\"><div class=\"vc_toggle_title\"><h4>Que tipos de esportes aqu\u00e1ticos e brinquedos est\u00e3o listados?<\/h4><i class=\"vc_toggle_icon\"><\/i><\/div><div class=\"vc_toggle_content\"><p>Desfrute de uma experi\u00eancia de luxo em um charter com sistemas de entretenimento de \u00faltima gera\u00e7\u00e3o e brinquedos aqu\u00e1ticos emocionantes, como jet skis, elegantes Seabobs e divertidos scooters subaqu\u00e1ticos, dispon\u00edveis atrav\u00e9s de nossa ag\u00eancia. <a href=\"https:\/\/www.yachttogo.com\/pt\/experiencias\/\" target=\"_blank\" rel=\"noopener\">Experi\u00eancias<\/a> se\u00e7\u00e3o.<\/p>\n<p>Ap\u00f3s um dia de aventuras no oceano, jante sob um c\u00e9u estrelado ou relaxe na tranquilidade do luar. <a href=\"https:\/\/www.yachttogo.com\/pt\/entre-em-contato-conosco\/\" target=\"_blank\" rel=\"noopener\">Entre em contato conosco<\/a> Para atender \u00e0s suas solicita\u00e7\u00f5es espec\u00edficas de entretenimento.<\/p>\n<\/div><\/div><div class=\"vc_separator wpb_content_element vc_separator_align_center vc_sep_width_100 vc_sep_dotted vc_sep_pos_align_center vc_separator_no_text vc_custom_1540486621384 wpb_content_element  vc_custom_1540486621384 wpb_content_element\" ><span class=\"vc_sep_holder vc_sep_holder_l\"><span style=\"border-color:#d8dce1;\" class=\"vc_sep_line\"><\/span><\/span><span class=\"vc_sep_holder vc_sep_holder_r\"><span style=\"border-color:#d8dce1;\" class=\"vc_sep_line\"><\/span><\/span>\n<\/div><\/div><\/div><\/div><\/div><div class=\"vc_row wpb_row vc_row-fluid\"><div class=\"wpb_column vc_column_container vc_col-sm-12\"><div class=\"vc_column-inner\"><div class=\"wpb_wrapper\">\n\t<div class=\"wpb_text_column wpb_content_element\" >\n\t\t<div class=\"wpb_wrapper\">\n\t\t\t<div>\n<div>\n<h2><strong>Perguntas frequentes gerais<\/strong><\/h2>\n<\/div>\n<\/div>\n\n\t\t<\/div>\n\t<\/div>\n<div id=\"1457563354555-9215d732-d143\" class=\"vc_do_toggle vc_toggle vc_toggle_default vc_toggle_color_default  vc_toggle_size_md\"><div class=\"vc_toggle_title\"><h4>Como funciona o YachttoGO?<\/h4><i class=\"vc_toggle_icon\"><\/i><\/div><div class=\"vc_toggle_content\"><p>YachttoGO \u00e9 uma plataforma premium que conecta clientes que buscam experi\u00eancias exclusivas na \u00e1gua com propriet\u00e1rios de embarca\u00e7\u00f5es de luxo. \u00c9 simples, basta seguir estes passos:<br \/>\n\u2022 Os clientes visitam <a href=\"https:\/\/www.yachttogo.com\/pt\/\">www.yachttogo.com<\/a> Para pesquisar e reservar iates e barcos de luxo por destino.<br \/>\n\u2022 Uma lista selecionada de embarca\u00e7\u00f5es dispon\u00edveis ser\u00e1 apresentada com base na pesquisa.<br \/>\n\u2022 Os clientes enviam solicita\u00e7\u00f5es diretamente aos propriet\u00e1rios das embarca\u00e7\u00f5es clicando nos bot\u00f5es \u201cReservar agora\u201d ou \u201cContatar o anfitri\u00e3o\u201d.<br \/>\n\u2981 O propriet\u00e1rio responder\u00e1 com uma oferta confirmando os detalhes.<br \/>\n\u2022 Se o cliente aprovar a oferta, ser\u00e1 debitado um valor de 50% do seu cart\u00e3o de cr\u00e9dito para garantir a reserva. Ambas as partes receber\u00e3o um e-mail de confirma\u00e7\u00e3o e poder\u00e3o entrar em contato diretamente.<\/p>\n<\/div><\/div><div id=\"1457629903915-f4fbdb9a-385a\" class=\"vc_do_toggle vc_toggle vc_toggle_default vc_toggle_color_default  vc_toggle_size_md\"><div class=\"vc_toggle_title\"><h4>A plataforma YachttoGO \u00e9 segura?<\/h4><i class=\"vc_toggle_icon\"><\/i><\/div><div class=\"vc_toggle_content\"><p>Absolutamente. Implementamos protocolos rigorosos e utilizamos sistemas de pagamento online de \u00faltima gera\u00e7\u00e3o para garantir a m\u00e1xima seguran\u00e7a dos dados financeiros de nossos clientes. Nossa plataforma atende aos mais altos padr\u00f5es internacionais de seguran\u00e7a.<\/p>\n<\/div><\/div><div id=\"1457629903405-ea10c05d-bbf1\" class=\"vc_do_toggle vc_toggle vc_toggle_default vc_toggle_color_default  vc_toggle_size_md\"><div class=\"vc_toggle_title\"><h4>Como e quando os clientes s\u00e3o cobrados por uma reserva?<\/h4><i class=\"vc_toggle_icon\"><\/i><\/div><div class=\"vc_toggle_content\"><p>A YachttoGO utiliza um sistema de pagamento terceirizado altamente seguro para processar as transa\u00e7\u00f5es. Depois que o propriet\u00e1rio cria uma oferta de pre\u00e7o personalizada, o cliente pode confirmar a reserva aceitando-a.<br \/>\nAp\u00f3s a aceita\u00e7\u00e3o, o cart\u00e3o de cr\u00e9dito do cliente ser\u00e1 debitado com um pr\u00e9-pagamento de 50% para garantir oficialmente a reserva da embarca\u00e7\u00e3o. Observe que a YachttoGO n\u00e3o processa pagamentos parciais ou m\u00faltiplos cart\u00f5es de cr\u00e9dito em uma \u00fanica transa\u00e7\u00e3o. Os dep\u00f3sitos de seguran\u00e7a s\u00e3o processados somente ap\u00f3s o t\u00e9rmino do aluguel, se aplic\u00e1vel.<\/p>\n<\/div><\/div><div id=\"1457629903806-1bdd8e50-4baa\" class=\"vc_do_toggle vc_toggle vc_toggle_default vc_toggle_color_default  vc_toggle_size_md\"><div class=\"vc_toggle_title\"><h4>Quando recebo as informa\u00e7\u00f5es de contato do propriet\u00e1rio ou do afretador?<\/h4><i class=\"vc_toggle_icon\"><\/i><\/div><div class=\"vc_toggle_content\"><p>As informa\u00e7\u00f5es de contato permanecem privadas e bloqueadas at\u00e9 que a reserva seja oficialmente aprovada, garantindo sua seguran\u00e7a e protegendo contra terceiros n\u00e3o autorizados. Fazer uma reserva fora da plataforma YachttoGO viola nossos termos de servi\u00e7o e compromete sua seguran\u00e7a. Assim que a reserva for aprovada e o pr\u00e9-pagamento for conclu\u00eddo, voc\u00ea ter\u00e1 acesso total \u00e0s informa\u00e7\u00f5es de contato.<\/p>\n<\/div><\/div><div class=\"vc_separator wpb_content_element vc_separator_align_center vc_sep_width_100 vc_sep_dotted vc_sep_pos_align_center vc_separator_no_text vc_custom_1540486621384 wpb_content_element  vc_custom_1540486621384 wpb_content_element\" ><span class=\"vc_sep_holder vc_sep_holder_l\"><span style=\"border-color:#d8dce1;\" class=\"vc_sep_line\"><\/span><\/span><span class=\"vc_sep_holder vc_sep_holder_r\"><span style=\"border-color:#d8dce1;\" class=\"vc_sep_line\"><\/span><\/span>\n<\/div><\/div><\/div><\/div><\/div><div class=\"vc_row wpb_row vc_row-fluid\"><div class=\"wpb_column vc_column_container vc_col-sm-12\"><div class=\"vc_column-inner\"><div class=\"wpb_wrapper\">\n\t<div class=\"wpb_text_column wpb_content_element\" >\n\t\t<div class=\"wpb_wrapper\">\n\t\t\t<div>\n<div>\n<div>\n<h2><strong>Perguntas frequentes sobre a conta<\/strong><\/h2>\n<\/div>\n<\/div>\n<\/div>\n\n\t\t<\/div>\n\t<\/div>\n<div id=\"1457564614680-0f2cb9e8-eaaf\" class=\"vc_do_toggle vc_toggle vc_toggle_default vc_toggle_color_default  vc_toggle_size_md\"><div class=\"vc_toggle_title\"><h4>Como fa\u00e7o para conectar minha conta ao Facebook, Google ou LinkedIn?<\/h4><i class=\"vc_toggle_icon\"><\/i><\/div><div class=\"vc_toggle_content\"><p>Uma maneira f\u00e1cil de criar seu login no YachttoGO \u00e9 usar a op\u00e7\u00e3o \u201cCadastrar-se com o Facebook, Google ou LinkedIn\u201d. Se voc\u00ea j\u00e1 criou uma conta, navegue at\u00e9 <strong>Editar perfil &gt; Confian\u00e7a e verifica\u00e7\u00e3o<\/strong>. Voc\u00ea encontrar\u00e1 as op\u00e7\u00f5es para conectar suas contas preferidas com seguran\u00e7a.<\/p>\n<\/div><\/div><div id=\"1457563269545-df1d9b94-9d5e\" class=\"vc_do_toggle vc_toggle vc_toggle_default vc_toggle_color_default  vc_toggle_size_md\"><div class=\"vc_toggle_title\"><h4>Como fa\u00e7o para me inscrever no YachttoGO?<\/h4><i class=\"vc_toggle_icon\"><\/i><\/div><div class=\"vc_toggle_content\"><p>Entrar para nossa comunidade exclusiva \u00e9 simples e gratuito:<\/p>\n<ol>\n<li>Ir para <a href=\"https:\/\/www.yachttogo.com\/pt\/\">www.yachttogo.com<\/a> e clique no link \u201cCadastrar-se\u201d.<\/li>\n<li>Forne\u00e7a os detalhes necess\u00e1rios.<\/li>\n<li>Concorde com nossos <a href=\"https:\/\/www.yachttogo.com\/pt\/terms-and-conditions\/\">Termos de Uso<\/a>.<\/li>\n<\/ol>\n<\/div><\/div><div id=\"1457564659743-c02f10f0-44cd\" class=\"vc_do_toggle vc_toggle vc_toggle_default vc_toggle_color_default  vc_toggle_size_md\"><div class=\"vc_toggle_title\"><h4>Como fa\u00e7o para redefinir minha senha?<\/h4><i class=\"vc_toggle_icon\"><\/i><\/div><div class=\"vc_toggle_content\"><p>Se precisar redefinir sua senha:<\/p>\n<ol>\n<li>Acesse o link \u201cEsqueci minha senha\u201d na p\u00e1gina de login.<\/li>\n<li>Insira o endere\u00e7o de e-mail associado \u00e0 sua conta YachttoGO e clique em \u201cEnviar link de redefini\u00e7\u00e3o\u201d.<\/li>\n<li>Verifique sua caixa de entrada de e-mail para uma mensagem de office@yachtogo.com.<\/li>\n<li>Fa\u00e7a login usando as credenciais tempor\u00e1rias fornecidas e defina uma nova senha no seu painel de controle.<\/li>\n<\/ol>\n<\/div><\/div><div id=\"1457563413051-53682728-2bbe\" class=\"vc_do_toggle vc_toggle vc_toggle_default vc_toggle_color_default  vc_toggle_size_md\"><div class=\"vc_toggle_title\"><h4>Como fa\u00e7o para verificar minhas informa\u00e7\u00f5es de contato pessoais?<\/h4><i class=\"vc_toggle_icon\"><\/i><\/div><div class=\"vc_toggle_content\"><p>Para verificar seu n\u00famero de celular, acesse <strong>Perfil &gt; Confian\u00e7a e verifica\u00e7\u00e3o &gt; Adicionar mais verifica\u00e7\u00e3o<\/strong>. Insira seu n\u00famero de telefone e clique em \u201cVerificar via SMS\u201d. Voc\u00ea receber\u00e1 um c\u00f3digo de 4 d\u00edgitos. Para verificar seu e-mail, verifique sua caixa de entrada para encontrar o link de confirma\u00e7\u00e3o e clique em \u201cConfirmar e-mail\u201d.<\/p>\n<\/div><\/div><div class=\"vc_separator wpb_content_element vc_separator_align_center vc_sep_width_100 vc_sep_dotted vc_sep_pos_align_center vc_separator_no_text vc_custom_1540486621384 wpb_content_element  vc_custom_1540486621384 wpb_content_element\" ><span class=\"vc_sep_holder vc_sep_holder_l\"><span style=\"border-color:#d8dce1;\" class=\"vc_sep_line\"><\/span><\/span><span class=\"vc_sep_holder vc_sep_holder_r\"><span style=\"border-color:#d8dce1;\" class=\"vc_sep_line\"><\/span><\/span>\n<\/div><\/div><\/div><\/div><\/div><div class=\"vc_row wpb_row vc_row-fluid\"><div class=\"wpb_column vc_column_container vc_col-sm-12\"><div class=\"vc_column-inner\"><div class=\"wpb_wrapper\">\n\t<div class=\"wpb_text_column wpb_content_element\" >\n\t\t<div class=\"wpb_wrapper\">\n\t\t\t<div>\n<div>\n<div>\n<h2><strong>Perguntas frequentes dos afretadores<\/strong><\/h2>\n<\/div>\n<\/div>\n<\/div>\n\n\t\t<\/div>\n\t<\/div>\n<div  class=\"vc_do_toggle vc_toggle vc_toggle_default vc_toggle_color_default  vc_toggle_size_md\"><div class=\"vc_toggle_title\"><h4>Como fa\u00e7o para verificar minha identidade?<\/h4><i class=\"vc_toggle_icon\"><\/i><\/div><div class=\"vc_toggle_content\"><p>Para manter uma comunidade altamente confi\u00e1vel, a YachttoGO utiliza um rigoroso processo de verifica\u00e7\u00e3o. Navegue at\u00e9 <strong>Perfil &gt; Confian\u00e7a e Verifica\u00e7\u00e3o &gt; Verifique sua identidade<\/strong>. Escolha o tipo de documento de identifica\u00e7\u00e3o, carregue uma imagem segura e clique em <strong>Verifique-me<\/strong>.<\/p>\n<\/div><\/div><div  class=\"vc_do_toggle vc_toggle vc_toggle_default vc_toggle_color_default  vc_toggle_size_md\"><div class=\"vc_toggle_title\"><h4>Como fa\u00e7o para pagar o aluguel do meu iate?<\/h4><i class=\"vc_toggle_icon\"><\/i><\/div><div class=\"vc_toggle_content\"><p>Ao reservar um iate de luxo com a YachttoGO, voc\u00ea tem op\u00e7\u00f5es de pagamento seguras, incluindo cart\u00e3o de cr\u00e9dito e transfer\u00eancias banc\u00e1rias autorizadas. Assim que o propriet\u00e1rio da embarca\u00e7\u00e3o aprovar sua solicita\u00e7\u00e3o de fretamento, prossiga para a fase de finaliza\u00e7\u00e3o da compra clicando aqui. <strong>Efetuar pagamento<\/strong>.<\/p>\n<\/div><\/div><div  class=\"vc_do_toggle vc_toggle vc_toggle_default vc_toggle_color_default  vc_toggle_size_md\"><div class=\"vc_toggle_title\"><h4>Como fa\u00e7o para usar um c\u00f3digo promocional?<\/h4><i class=\"vc_toggle_icon\"><\/i><\/div><div class=\"vc_toggle_content\"><p>Se voc\u00ea possui um c\u00f3digo promocional ou voucher VIP v\u00e1lido, insira-o durante o processo de finaliza\u00e7\u00e3o da compra no campo \u201cVoc\u00ea tem um c\u00f3digo promocional?\u201d e clique em <strong>Aplicar<\/strong> antes de finalizar sua transa\u00e7\u00e3o.<\/p>\n<\/div><\/div><div  class=\"vc_do_toggle vc_toggle vc_toggle_default vc_toggle_color_default  vc_toggle_size_md\"><div class=\"vc_toggle_title\"><h4>Qual \u00e9 a taxa de servi\u00e7o da YachttoGO para os h\u00f3spedes?<\/h4><i class=\"vc_toggle_icon\"><\/i><\/div><div class=\"vc_toggle_content\"><p>A YachttoGO aplica uma taxa de servi\u00e7o altamente competitiva de 10% aos fretadores. Essa taxa nos permite processar transa\u00e7\u00f5es com seguran\u00e7a, implementar prote\u00e7\u00e3o antifraude de alto n\u00edvel e fornecer suporte VIP ao cliente 24 horas por dia, 7 dias por semana.<\/p>\n<\/div><\/div><div  class=\"vc_do_toggle vc_toggle vc_toggle_default vc_toggle_color_default  vc_toggle_size_md\"><div class=\"vc_toggle_title\"><h4>Existem taxas de transa\u00e7\u00e3o?<\/h4><i class=\"vc_toggle_icon\"><\/i><\/div><div class=\"vc_toggle_content\"><p>O processamento padr\u00e3o de pagamentos internacionais pode incorrer em uma taxa padr\u00e3o de transa\u00e7\u00e3o financeira de 3%, aplicada para cobrir os custos do gateway banc\u00e1rio seguro.<\/p>\n<\/div><\/div><div  class=\"vc_do_toggle vc_toggle vc_toggle_default vc_toggle_color_default  vc_toggle_size_md\"><div class=\"vc_toggle_title\"><h4>Posso pagar com qualquer moeda?<\/h4><i class=\"vc_toggle_icon\"><\/i><\/div><div class=\"vc_toggle_content\"><p>Sim, a YachttoGO aceita as principais moedas globais, processadas com seguran\u00e7a atrav\u00e9s de nossos gateways de pagamento internacionais. Taxas de convers\u00e3o de moeda padr\u00e3o podem ser aplicadas, dependendo do seu banco.<\/p>\n<\/div><\/div><\/div><\/div><\/div><\/div><div class=\"vc_row wpb_row vc_row-fluid\"><div class=\"wpb_column vc_column_container vc_col-sm-12\"><div class=\"vc_column-inner\"><div class=\"wpb_wrapper\">\n\t<div class=\"wpb_text_column wpb_content_element\" >\n\t\t<div class=\"wpb_wrapper\">\n\t\t\t<div>\n<div>\n<div>\n<h2><strong>Perguntas frequentes do propriet\u00e1rio<\/strong><\/h2>\n<\/div>\n<\/div>\n<\/div>\n\n\t\t<\/div>\n\t<\/div>\n<div  class=\"vc_do_toggle vc_toggle vc_toggle_default vc_toggle_color_default  vc_toggle_size_md\"><div class=\"vc_toggle_title\"><h4>O que \u00e9 Instant Booking?<\/h4><i class=\"vc_toggle_icon\"><\/i><\/div><div class=\"vc_toggle_content\"><p>A Reserva Instant\u00e2nea \u00e9 a maneira mais eficiente de garantir charters! Quando ativada, os h\u00f3spedes podem pular a fase de consulta e reservar suas datas instantaneamente. Seu an\u00fancio exibir\u00e1 um \u00edcone de raio.<br \/>\n<strong>Como habilitar o Instant Book?<\/strong><br \/>\nSua embarca\u00e7\u00e3o deve atender aos seguintes crit\u00e9rios:<\/p>\n<ul>\n<li>Um calend\u00e1rio atualizado (dos \u00faltimos 30 dias)<\/li>\n<li>Pelo menos uma carta constitutiva conclu\u00edda com sucesso.<\/li>\n<li>Regras da Casa Abrangentes<\/li>\n<\/ul>\n<p>Se voc\u00ea atender aos requisitos, navegue at\u00e9 <strong>Seus an\u00fancios &gt; Gerenciar an\u00fancio e calend\u00e1rio &gt; Pre\u00e7os &gt; Reserva instant\u00e2nea<\/strong>.<\/p>\n<\/div><\/div><div  class=\"vc_do_toggle vc_toggle vc_toggle_default vc_toggle_color_default  vc_toggle_size_md\"><div class=\"vc_toggle_title\"><h4>Como posso atualizar ou sincronizar meu calend\u00e1rio?<\/h4><i class=\"vc_toggle_icon\"><\/i><\/div><div class=\"vc_toggle_content\"><p>Manter um calend\u00e1rio preciso \u00e9 fundamental. Para ajustar a disponibilidade manualmente, acesse <strong>Seus an\u00fancios &gt; Gerenciar an\u00fancio e calend\u00e1rio &gt; Calend\u00e1rio<\/strong>.<br \/>\nPara sincronizar com calend\u00e1rios externos (Google\/Outlook), clique em \u201cExportar calend\u00e1rio\u201d para gerar um URL espec\u00edfico e, em seguida, adicione-o ao seu aplicativo de calend\u00e1rio preferido para evitar reservas duplicadas.<\/p>\n<\/div><\/div><div  class=\"vc_do_toggle vc_toggle vc_toggle_default vc_toggle_color_default  vc_toggle_size_md\"><div class=\"vc_toggle_title\"><h4>Como fa\u00e7o para aprovar ou recusar solicita\u00e7\u00f5es de reserva?<\/h4><i class=\"vc_toggle_icon\"><\/i><\/div><div class=\"vc_toggle_content\"><p>Ao receber uma solicita\u00e7\u00e3o, uma notifica\u00e7\u00e3o aparecer\u00e1 no seu painel. Voc\u00ea tem tr\u00eas op\u00e7\u00f5es:<\/p>\n<ol>\n<li><strong>Pr\u00e9-aprova\u00e7\u00e3o:<\/strong> Aceite a reserva para prosseguir com o pagamento.<\/li>\n<li><strong>Decl\u00ednio:<\/strong> Recuse educadamente se as datas n\u00e3o estiverem dispon\u00edveis ou se a solicita\u00e7\u00e3o n\u00e3o atender aos seus crit\u00e9rios.<\/li>\n<li><strong>Enviar uma oferta:<\/strong> Balc\u00e3o com itiner\u00e1rio personalizado ou oferta de pre\u00e7o sob medida.<\/li>\n<\/ol>\n<\/div><\/div><div  class=\"vc_do_toggle vc_toggle vc_toggle_default vc_toggle_color_default  vc_toggle_size_md\"><div class=\"vc_toggle_title\"><h4>Qual \u00e9 a comiss\u00e3o da YachttoGO para propriet\u00e1rios?<\/h4><i class=\"vc_toggle_icon\"><\/i><\/div><div class=\"vc_toggle_content\"><p>Valorizamos nossos parceiros de frota. A YachttoGO opera com uma estrutura de comiss\u00e3o altamente competitiva e favor\u00e1vel ao propriet\u00e1rio, de apenas 10% por fretamento bem-sucedido, garantindo que voc\u00ea retenha o m\u00e1ximo valor enquanto ganha visibilidade global.<\/p>\n<\/div><\/div><div  class=\"vc_do_toggle vc_toggle vc_toggle_default vc_toggle_color_default  vc_toggle_size_md\"><div class=\"vc_toggle_title\"><h4>O que o YachttoGO oferece aos propriet\u00e1rios de barcos?<\/h4><i class=\"vc_toggle_icon\"><\/i><\/div><div class=\"vc_toggle_content\"><p><strong>Anuncie seus iates para alugar ou barcos sem tripula\u00e7\u00e3o no YachttoGO.<\/strong><br \/>\nSe voc\u00ea deseja fretar seu iate de luxo ou alugar seu barco sem tripula\u00e7\u00e3o, sinta-se \u00e0 vontade para ancorar na YachttoGO. Nossa plataforma funciona perfeitamente para propriet\u00e1rios: voc\u00ea cadastra seus iates e n\u00f3s garantimos que eles sejam vis\u00edveis para um p\u00fablico global de indiv\u00edduos de alto poder aquisitivo e entusiastas da vela. Atra\u00edmos um grande volume de visitantes internacionais de regi\u00f5es como Alemanha, EUA, Reino Unido, R\u00fassia, Catar e Emirados \u00c1rabes Unidos.<\/p>\n<\/div><\/div><div  class=\"vc_do_toggle vc_toggle vc_toggle_default vc_toggle_color_default  vc_toggle_size_md\"><div class=\"vc_toggle_title\"><h4>O que acontece se um vaso sangu\u00edneo apresentar mau funcionamento?<\/h4><i class=\"vc_toggle_icon\"><\/i><\/div><div class=\"vc_toggle_content\"><p>Caso uma embarca\u00e7\u00e3o apresente falha mec\u00e2nica antes do per\u00edodo de afretamento, o propriet\u00e1rio dever\u00e1 entrar em contato imediatamente. <a href=\"https:\/\/www.yachttogo.com\/pt\/entre-em-contato-conosco\/\" target=\"_blank\" rel=\"noopener\">Suporte YachttoGO<\/a> Para cancelar a reserva, garantir que o h\u00f3spede receba o reembolso integral ou seja realocado e atualizar o status operacional da embarca\u00e7\u00e3o.<\/p>\n<\/div><\/div><\/div><\/div><\/div><\/div>\n<\/div>","protected":false},"excerpt":{"rendered":"Discover YachttoGO &amp; Our Fleet What Types of Yachts Are Listed on YachttoGO?Diversity of Private Yachts for Charter Around the World Luxury Charter Yachts: Experience impeccable service and VIP amenities. Spacious Catamarans: Perfect for families and groups seeking ultimate comfort and stability. Sailing Yachts: Become your own captain and chart your own course. Motor Yachts: [...]","protected":false},"author":1,"featured_media":0,"parent":0,"menu_order":0,"comment_status":"closed","ping_status":"closed","template":"","meta":{"footnotes":""},"class_list":["post-3628","page","type-page","status-publish","hentry"],"_links":{"self":[{"href":"https:\/\/www.yachttogo.com\/pt\/wp-json\/wp\/v2\/pages\/3628","targetHints":{"allow":["GET"]}}],"collection":[{"href":"https:\/\/www.yachttogo.com\/pt\/wp-json\/wp\/v2\/pages"}],"about":[{"href":"https:\/\/www.yachttogo.com\/pt\/wp-json\/wp\/v2\/types\/page"}],"author":[{"embeddable":true,"href":"https:\/\/www.yachttogo.com\/pt\/wp-json\/wp\/v2\/users\/1"}],"replies":[{"embeddable":true,"href":"https:\/\/www.yachttogo.com\/pt\/wp-json\/wp\/v2\/comments?post=3628"}],"version-history":[{"count":2,"href":"https:\/\/www.yachttogo.com\/pt\/wp-json\/wp\/v2\/pages\/3628\/revisions"}],"predecessor-version":[{"id":35520,"href":"https:\/\/www.yachttogo.com\/pt\/wp-json\/wp\/v2\/pages\/3628\/revisions\/35520"}],"wp:attachment":[{"href":"https:\/\/www.yachttogo.com\/pt\/wp-json\/wp\/v2\/media?parent=3628"}],"curies":[{"name":"wp","href":"https:\/\/api.w.org\/{rel}","templated":true}]}}