{"id":5828,"date":"2022-01-15T15:25:51","date_gmt":"2022-01-15T12:25:51","guid":{"rendered":"https:\/\/www.yachttogo.com\/?page_id=5828"},"modified":"2023-07-03T16:29:29","modified_gmt":"2023-07-03T13:29:29","slug":"pravila-o-privatnosti","status":"publish","type":"page","link":"https:\/\/www.yachttogo.com\/hr\/privacy-policy\/","title":{"rendered":"Pravila o privatnosti"},"content":{"rendered":"<div class=\"wpb-content-wrapper\"><div class=\"vc_row wpb_row vc_row-fluid\"><div class=\"wpb_column vc_column_container vc_col-sm-12\"><div class=\"vc_column-inner\"><div class=\"wpb_wrapper\">\n\t<div class=\"wpb_text_column wpb_content_element\" >\n\t\t<div class=\"wpb_wrapper\">\n\t\t\t<h2 class=\"wp-block-heading\">Tko smo mi<\/h2>\n<p>Adresa na\u0161e web stranice je: https:\/\/www.yachttogo.com.<\/p>\n<p>&nbsp;<\/p>\n<h2 class=\"wp-block-heading\">O YachttoGO<\/h2>\n<p>YachttoGO Nomad Group Yat. Turizm Tekstil San. ve Tic Ltd (YachttoGO.com) ima za cilj integrirati sve vrste brodova i luksuznih jahti diljem svijeta na jednu platformu te je osnovana u Engleskoj i Walesu 2017. godine kao pouzdano tr\u017ei\u0161te zajednice. Mo\u017eda \u0107e vam trebati jednodnevni brod, tjedna jahta ili \u010dak najam flote za jedrenje; sve to nudimo putem www.<a href=\"https:\/\/www.yachttogo.com\/hr\/\" target=\"_blank\" rel=\"noreferrer noopener\">Jahta na usluzi<\/a>\u00a0 posebno Egejsko i Sredozemno more, s jedinstvenim plavim krstarenjem i neusporedivim cjenovnim prednostima. YachttoGO, sa svojom vrhunskom korisni\u010dkom podr\u0161kom i rastu\u0107om zajednicom korisnika, omogu\u0107uje ljubiteljima mora da bez napora unajme brodove od njihovih vlasnika.<\/p>\n<p>&nbsp;<\/p>\n<h2 class=\"wp-block-heading\">Komentari<\/h2>\n<p>Kada posjetitelji ostavljaju komentare na stranici, prikupljamo podatke prikazane u obrascu za komentare, kao i IP adresu posjetitelja i niz korisni\u010dkog agenta preglednika kako bismo pomogli u otkrivanju spama.<\/p>\n<p>Anonimizirani niz generiran iz va\u0161e adrese e-po\u0161te (tako\u0111er nazvan hash) mo\u017ee se dostaviti Gravatar servisu kako bi se provjerilo koristite li ga. Pravila o privatnosti Gravatar servisa dostupna su ovdje: https:\/\/automattic.com\/privacy\/. Nakon odobrenja va\u0161eg komentara, va\u0161a profilna slika vidljiva je javnosti u kontekstu va\u0161eg komentara.<\/p>\n<p>&nbsp;<\/p>\n<h2 class=\"wp-block-heading\">Mediji<\/h2>\n<p>Ako na web-stranicu postavljate slike, trebali biste izbjegavati slike s ugra\u0111enim podacima o lokaciji (EXIF GPS). Posjetitelji web-stranice mogu preuzeti i izdvojiti sve podatke o lokaciji iz slika na web-stranici.<\/p>\n<p>&nbsp;<\/p>\n<h2 class=\"wp-block-heading\">Kola\u010di\u0107i<\/h2>\n<p>Ako ostavite komentar na na\u0161oj stranici, mo\u017eete odabrati spremanje svog imena, adrese e-po\u0161te i web-stranice u kola\u010di\u0107e. Oni su tu radi va\u0161e udobnosti kako ne biste morali ponovno unositi svoje podatke kada ostavljate drugi komentar. Ti kola\u010di\u0107i traju godinu dana.<\/p>\n<p>Ako posjetite na\u0161u stranicu za prijavu, postavit \u0107emo privremeni kola\u010di\u0107 kako bismo utvrdili prihva\u0107a li va\u0161 preglednik kola\u010di\u0107e. Ovaj kola\u010di\u0107 ne sadr\u017ei osobne podatke i bri\u0161e se kada zatvorite preglednik.<\/p>\n<p>Kada se prijavite, tako\u0111er \u0107emo postaviti nekoliko kola\u010di\u0107a za pohranu va\u0161ih podataka za prijavu i odabira prikaza zaslona. Kola\u010di\u0107i za prijavu traju dva dana, a kola\u010di\u0107i za opcije zaslona traju godinu dana. Ako odaberete \u201cZapamti me\u201d, va\u0161a \u0107e prijava trajati dva tjedna. Ako se odjavite sa svog ra\u010duna, kola\u010di\u0107i za prijavu bit \u0107e uklonjeni.<\/p>\n<p>Ako ure\u0111ujete ili objavljujete \u010dlanak, u va\u0161em \u0107e pregledniku biti spremljen dodatni kola\u010di\u0107. Ovaj kola\u010di\u0107 ne sadr\u017ei osobne podatke i jednostavno ozna\u010dava ID objave \u010dlanka koji ste upravo uredili. Istje\u010de nakon 1 dana.<\/p>\n<p>&nbsp;<\/p>\n<h2 class=\"wp-block-heading\">Ugra\u0111eni sadr\u017eaj s drugih web-mjesta<\/h2>\n<p>\u010clanci na ovoj stranici mogu sadr\u017eavati ugra\u0111eni sadr\u017eaj (npr. videozapise, slike, \u010dlanke itd.). Ugra\u0111eni sadr\u017eaj s drugih web-stranica pona\u0161a se na potpuno isti na\u010din kao da je posjetitelj posjetio tu drugu web-stranicu.<\/p>\n<p>Ove web stranice mogu prikupljati podatke o vama, koristiti kola\u010di\u0107e, ugra\u0111ivati dodatno pra\u0107enje tre\u0107ih strana i pratiti va\u0161u interakciju s tim ugra\u0111enim sadr\u017eajem, uklju\u010duju\u0107i pra\u0107enje va\u0161e interakcije s ugra\u0111enim sadr\u017eajem ako imate ra\u010dun i prijavljeni ste na tu web stranicu.<\/p>\n<p>&nbsp;<\/p>\n<h2 class=\"wp-block-heading\">S kim dijelimo va\u0161e podatke<\/h2>\n<p>Ako zatra\u017eite resetiranje lozinke, va\u0161a IP adresa bit \u0107e uklju\u010dena u e-poruku za resetiranje.<\/p>\n<p>&nbsp;<\/p>\n<h2 class=\"wp-block-heading\">Koliko dugo \u010duvamo va\u0161e podatke<\/h2>\n<p>Ako ostavite komentar, komentar i njegove metapodatke \u010duvamo neograni\u010deno. To je kako bismo mogli automatski prepoznati i odobriti sve naknadne komentare umjesto da ih dr\u017eimo u redu za moderiranje.<\/p>\n<p>Za korisnike koji se registriraju na na\u0161oj web stranici (ako ih ima), tako\u0111er pohranjujemo osobne podatke koje navedu u svom korisni\u010dkom profilu. Svi korisnici mogu u bilo kojem trenutku vidjeti, ure\u0111ivati ili izbrisati svoje osobne podatke (osim \u0161to ne mogu promijeniti svoje korisni\u010dko ime). Administratori web stranice tako\u0111er mogu vidjeti i ure\u0111ivati te podatke.<\/p>\n<p>&nbsp;<\/p>\n<h2 class=\"wp-block-heading\">Koja prava imate nad svojim podacima<\/h2>\n<p>Ako imate ra\u010dun na ovoj stranici ili ste ostavili komentare, mo\u017eete zatra\u017eiti izvoz datoteke s osobnim podacima koje o vama pohranjujemo, uklju\u010duju\u0107i sve podatke koje ste nam dostavili. Tako\u0111er mo\u017eete zatra\u017eiti da izbri\u0161emo sve osobne podatke koje o vama pohranjujemo. Ovo ne uklju\u010duje podatke koje smo du\u017eni \u010duvati iz administrativnih, pravnih ili sigurnosnih razloga.<\/p>\n<p>&nbsp;<\/p>\n<h2 class=\"wp-block-heading\">Kamo da po\u0161aljemo va\u0161e podatke?<\/h2>\n<p>Komentari posjetitelja mogu biti provjereni putem automatizirane usluge za otkrivanje ne\u017eeljene po\u0161te.<\/p>\n<p>&nbsp;<\/p>\n\n\t\t<\/div>\n\t<\/div>\n<\/div><\/div><\/div><\/div><\/div>","protected":false},"excerpt":{"rendered":"Who we are Our website address is: https:\/\/www.yachttogo.com. &nbsp; About YachttoGO YachttoGO Nomad Group Yat. Turizm Tekstil San. ve Tic Ltd (YachttoGO.com) aims to integrate all kinds of worldwide boats and luxury yachts into a single platform and was incorporated in England &amp; Wales in 2017 as a reliable community marketplace. You may need a [...]","protected":false},"author":1,"featured_media":0,"parent":0,"menu_order":0,"comment_status":"closed","ping_status":"closed","template":"","meta":{"footnotes":""},"class_list":["post-5828","page","type-page","status-publish","hentry"],"_links":{"self":[{"href":"https:\/\/www.yachttogo.com\/hr\/wp-json\/wp\/v2\/pages\/5828","targetHints":{"allow":["GET"]}}],"collection":[{"href":"https:\/\/www.yachttogo.com\/hr\/wp-json\/wp\/v2\/pages"}],"about":[{"href":"https:\/\/www.yachttogo.com\/hr\/wp-json\/wp\/v2\/types\/page"}],"author":[{"embeddable":true,"href":"https:\/\/www.yachttogo.com\/hr\/wp-json\/wp\/v2\/users\/1"}],"replies":[{"embeddable":true,"href":"https:\/\/www.yachttogo.com\/hr\/wp-json\/wp\/v2\/comments?post=5828"}],"version-history":[{"count":0,"href":"https:\/\/www.yachttogo.com\/hr\/wp-json\/wp\/v2\/pages\/5828\/revisions"}],"wp:attachment":[{"href":"https:\/\/www.yachttogo.com\/hr\/wp-json\/wp\/v2\/media?parent=5828"}],"curies":[{"name":"wp","href":"https:\/\/api.w.org\/{rel}","templated":true}]}}