{"id":3628,"date":"2018-10-25T16:44:28","date_gmt":"2018-10-25T16:44:28","guid":{"rendered":"http:\/\/wordpress-89239-751689.cloudwaysapps.com\/?page_id=1328"},"modified":"2026-03-22T16:43:45","modified_gmt":"2026-03-22T13:43:45","slug":"cesto-postavljana-pitanja-2","status":"publish","type":"page","link":"https:\/\/www.yachttogo.com\/hr\/frequently-asked-questions-2\/","title":{"rendered":"\u010cesto postavljana pitanja"},"content":{"rendered":"<div class=\"wpb-content-wrapper\"><div class=\"vc_row wpb_row vc_row-fluid\"><div class=\"wpb_column vc_column_container vc_col-sm-12\"><div class=\"vc_column-inner\"><div class=\"wpb_wrapper\">\n\t<div class=\"wpb_text_column wpb_content_element\" >\n\t\t<div class=\"wpb_wrapper\">\n\t\t\t<div>\n<div>\n<h2><strong>Otkrijte YachttoGO i na\u0161u flotu<\/strong><\/h2>\n<\/div>\n<\/div>\n\n\t\t<\/div>\n\t<\/div>\n<div  class=\"vc_do_toggle vc_toggle vc_toggle_default vc_toggle_color_default  vc_toggle_size_md\"><div class=\"vc_toggle_title\"><h4>Koje vrste jahti su navedene na YachttoGO?<\/h4><i class=\"vc_toggle_icon\"><\/i><\/div><div class=\"vc_toggle_content\"><p><strong>Raznolikost privatnih jahti za najam diljem svijeta<\/strong><br \/>\n<a href=\"https:\/\/www.yachttogo.com\/hr\/vrsta_camca\/najam-privatne-jahte\/\" target=\"_blank\" rel=\"noopener\">Luksuzne \u010darter jahte<\/a>Do\u017eivite besprijekornu uslugu i VIP pogodnosti.<br \/>\n<a href=\"https:\/\/www.yachttogo.com\/hr\/vrsta\/najam-katamarana-2\/\" target=\"_blank\" rel=\"noopener\">Prostrani katamarani<\/a>: Savr\u0161eno za obitelji i grupe koje tra\u017ee vrhunsku udobnost i stabilnost.<br \/>\n<a href=\"https:\/\/www.yachttogo.com\/hr\/vrsta\/najam-jedrilice\/\" target=\"_blank\" rel=\"noopener\">Jedrilice<\/a>Postanite vlastiti kapetan i isplanirajte vlastiti kurs.<br \/>\n<a href=\"https:\/\/www.yachttogo.com\/hr\/vrsta\/najam-motornog-jahte\/\" target=\"_blank\" rel=\"noopener\">Motorne jahte<\/a>U\u017eivajte u brzini, snazi i suvremenoj profinjenosti.<br \/>\n<a href=\"https:\/\/www.yachttogo.com\/hr\/vrsta\/najam-gulete\/\" target=\"_blank\" rel=\"noopener\">Tradicionalni guleti<\/a>Otkrijte autenti\u010dni \u0161arm turskog Plavog krstarenja s posadom na guliatu.<\/p>\n<p>Izbor je na vama: odaberite luksuznu jahtu, jahtu s posadom ili golu jahtu i budite vlastiti kapetan na odredi\u0161tu po va\u0161em izboru. Od manjih \u010darter brodova do velikih luksuznih guleta ili superjahti, nudimo dubinsko znanje kako bismo vam pomogli unajmiti savr\u0161en plovni objekt.<\/p>\n<\/div><\/div><div  class=\"vc_do_toggle vc_toggle vc_toggle_default vc_toggle_color_default  vc_toggle_size_md\"><div class=\"vc_toggle_title\"><h4>Koju vrstu najma jahte tra\u017eite?<\/h4><i class=\"vc_toggle_icon\"><\/i><\/div><div class=\"vc_toggle_content\"><p><strong>Najam privatne jahte, najam jahte s posadom ili najam bareboat jahte?<\/strong><br \/>\nIstra\u017ei <a href=\"https:\/\/www.yachttogo.com\/hr\/camci-jahte-2\/\" target=\"_blank\" rel=\"noopener\">luksuzne jahte za najam<\/a> i prona\u0111ite ekskluzivne ponude na na\u0161oj platformi. Besplatna konzultacija: Recite nam koji putni plan \u017eelite.<\/p>\n<p><strong>Vrhunski luksuzni odmor na jahti<\/strong><br \/>\nPrepustite se besprijekornoj usluzi, gurmanskoj kuhinji i itinerarima prilago\u0111enima svakoj va\u0161oj \u017eelji uz potpuno <a href=\"https:\/\/www.yachttogo.com\/hr\/vrsta_camca\/najam-jahte-s-posadom\/\" target=\"_blank\" rel=\"noopener\">najam jahte s posadom<\/a>. Dopustite iskusnim brokera za \u010darter i posadama da se pobrinu za svaki detalj dok se vi opu\u0161tate i istra\u017eujete zadivljuju\u0107e destinacije diljem svijeta.<\/p>\n<\/div><\/div><div  class=\"vc_do_toggle vc_toggle vc_toggle_default vc_toggle_color_default  vc_toggle_size_md\"><div class=\"vc_toggle_title\"><h4>Tra\u017eite li najam bareboat plovila za jedrili\u010darski odmor?<\/h4><i class=\"vc_toggle_icon\"><\/i><\/div><div class=\"vc_toggle_content\"><p>Ako tra\u017eite <a href=\"https:\/\/www.yachttogo.com\/hr\/vrsta_camca\/najam-bareboat\/\" target=\"_blank\" rel=\"noopener\">Najam bareboat<\/a> Za jedrili\u010darski odmor YachttoGO je ultimativni izbor. Mo\u017eete prona\u0107i i rezervirati svoj jedrili\u010darski odmor izravno od vlasnika s povjerenjem, znaju\u0107i da dobivate najbolju mogu\u0107u vrijednost.<\/p>\n<p>Na YachttoGO-u prona\u0107i \u0107ete stotine vrhunskih brodova za najam za krstarenje Egejskim morem i Sredozemnim morem. Sada mo\u017eete istra\u017eiti najbolje destinacije za jedrenje, marine i uvale u Turskoj (Marmaris, Bodrum, Fethiye, Gocek), Hrvatskoj, Gr\u010dkoj i drugdje.<\/p>\n<\/div><\/div><div  class=\"vc_do_toggle vc_toggle vc_toggle_default vc_toggle_color_default  vc_toggle_size_md\"><div class=\"vc_toggle_title\"><h4>Za\u0161to odabrati YachttoGO za svoj privatni odmor na jahti?<\/h4><i class=\"vc_toggle_icon\"><\/i><\/div><div class=\"vc_toggle_content\"><p>Postoji mnogo razloga za odabir YachttoGO-a pri najmu <a href=\"https:\/\/www.yachttogo.com\/hr\/vrsta_camca\/najam-privatne-jahte\/\" target=\"_blank\" rel=\"noopener\">privatna jahta<\/a>. Nudimo elitni izbor privatnih \u010darter jahti, superjahti, jedrilica za samostalno plovidbu i <a href=\"https:\/\/www.yachttogo.com\/hr\/vrsta\/najam-gulete\/\" target=\"_blank\" rel=\"noopener\">luksuzne gulete<\/a> u vrhunskim odredi\u0161tima:<\/p>\n<ul>\n<li><strong>Turska:<\/strong> Plovite tirkiznom obalom oko Marmarisa, Bodruma, Gocek i Fethiye.<\/li>\n<li><strong>Gr\u010dka:<\/strong> Putujte s otoka na otok Egejem i otkrijte slikovita sela.<\/li>\n<li><strong>Hrvatska:<\/strong> Do\u017eivite zadivljuju\u0107u ljepotu dalmatinske obale.<\/li>\n<li><strong>Dubaij:<\/strong> Kombinirajte neusporediv luksuz i futuristi\u010dke panorame.<\/li>\n<\/ul>\n<p>Pru\u017eamo izuzetno konkurentne cijene, transparentne naknade za najam i izravan kontakt s vlasnicima jahti za besprijekorno iskustvo rezervacije.<\/p>\n<\/div><\/div><div  class=\"vc_do_toggle vc_toggle vc_toggle_default vc_toggle_color_default  vc_toggle_size_md\"><div class=\"vc_toggle_title\"><h4>Koje vrste vodenih sportova i igra\u010daka su navedene?<\/h4><i class=\"vc_toggle_icon\"><\/i><\/div><div class=\"vc_toggle_content\"><p>Uronite u luksuzno iskustvo \u010dartera s najsuvremenijim zabavnim sustavima i uzbudljivim vodenim igra\u010dkama poput jet-skija, elegantnih Seaboba i razigranih morskih skutera, dostupnih putem na\u0161ih <a href=\"https:\/\/www.yachttogo.com\/hr\/experiences\/\" target=\"_blank\" rel=\"noopener\">Iskustva<\/a> odjeljak.<\/p>\n<p>Nakon dana pustolovina na oceanu, ve\u010derajte pod svodom zvijezda ili se opustite u ti\u0161ini osvijetljenoj mjese\u010devom svjetlo\u0161\u0107u. <a href=\"https:\/\/www.yachttogo.com\/hr\/contact-us\/\" target=\"_blank\" rel=\"noopener\">Kontaktirajte nas<\/a> za va\u0161e specifi\u010dne zahtjeve za zabavu.<\/p>\n<\/div><\/div><div class=\"vc_separator wpb_content_element vc_separator_align_center vc_sep_width_100 vc_sep_dotted vc_sep_pos_align_center vc_separator_no_text vc_custom_1540486621384 wpb_content_element  vc_custom_1540486621384 wpb_content_element\" ><span class=\"vc_sep_holder vc_sep_holder_l\"><span style=\"border-color:#d8dce1;\" class=\"vc_sep_line\"><\/span><\/span><span class=\"vc_sep_holder vc_sep_holder_r\"><span style=\"border-color:#d8dce1;\" class=\"vc_sep_line\"><\/span><\/span>\n<\/div><\/div><\/div><\/div><\/div><div class=\"vc_row wpb_row vc_row-fluid\"><div class=\"wpb_column vc_column_container vc_col-sm-12\"><div class=\"vc_column-inner\"><div class=\"wpb_wrapper\">\n\t<div class=\"wpb_text_column wpb_content_element\" >\n\t\t<div class=\"wpb_wrapper\">\n\t\t\t<div>\n<div>\n<h2><strong>Op\u0107a \u010desto postavljana pitanja<\/strong><\/h2>\n<\/div>\n<\/div>\n\n\t\t<\/div>\n\t<\/div>\n<div id=\"1457563354555-9215d732-d143\" class=\"vc_do_toggle vc_toggle vc_toggle_default vc_toggle_color_default  vc_toggle_size_md\"><div class=\"vc_toggle_title\"><h4>Kako YachttoGO funkcionira?<\/h4><i class=\"vc_toggle_icon\"><\/i><\/div><div class=\"vc_toggle_content\"><p>YachttoGO je premium platforma koja povezuje klijente koji tra\u017ee ekskluzivna iskustva na vodi s vlasnicima vrhunskih plovila. Jednostavno je, samo slijedite ove korake:<br \/>\n\u2981 Posjet klijenata <a href=\"https:\/\/www.yachttogo.com\/hr\/\">www.yachttogo.com<\/a> tra\u017eiti i rezervirati luksuzne jahte i brodove po destinaciji.<br \/>\n\u2981 Na temelju pretra\u017eivanja bit \u0107e predstavljen kurirani popis dostupnih plovila.<br \/>\n\u2981 Klijenti \u0161alju izravne upite vlasnicima plovila klikom na gumbe \u201cRezerviraj odmah\u201d ili \u201cKontaktiraj doma\u0107ina\u201d.<br \/>\n\u2981 Vlasnik \u0107e odgovoriti ponudom kojom potvr\u0111uje detalje.<br \/>\n\u2981 Ako klijent odobri ponudu, s njegove kreditne kartice bit \u0107e napla\u0107ena 50% predplata za osiguranje rezervacije. Obje \u0107e strane primiti potvrdu e-po\u0161tom i mogu se izravno kontaktirati.<\/p>\n<\/div><\/div><div id=\"1457629903915-f4fbdb9a-385a\" class=\"vc_do_toggle vc_toggle vc_toggle_default vc_toggle_color_default  vc_toggle_size_md\"><div class=\"vc_toggle_title\"><h4>Je li YachttoGO sigurna platforma?<\/h4><i class=\"vc_toggle_icon\"><\/i><\/div><div class=\"vc_toggle_content\"><p>Apsolutno. Uveli smo stroge protokole i koristili najsuvremenija internetska pla\u0107anja su\u010delja kako bismo zajam\u010dili najvi\u0161u razinu sigurnosti financijskih podataka na\u0161ih klijenata. Na\u0161a platforma u skladu je s najvi\u0161im me\u0111unarodnim sigurnosnim standardima.<\/p>\n<\/div><\/div><div id=\"1457629903405-ea10c05d-bbf1\" class=\"vc_do_toggle vc_toggle vc_toggle_default vc_toggle_color_default  vc_toggle_size_md\"><div class=\"vc_toggle_title\"><h4>Kako i kada se kupcima napla\u0107uje rezervacija?<\/h4><i class=\"vc_toggle_icon\"><\/i><\/div><div class=\"vc_toggle_content\"><p>YachttoGO koristi visoko siguran vanjski sustav za obradu pla\u0107anja. Kad vlasnik izradi prilago\u0111enu ponudu cijene, klijent mo\u017ee potvrditi rezervaciju prihva\u0107anjem iste.<br \/>\nPo prihva\u0107anju, s kreditne kartice klijenta napla\u0107uje se predujam od 50% za slu\u017ebeno osiguranje plovila. Imajte na umu da YachttoGO ne obra\u0111uje djelomi\u010dne uplate niti vi\u0161e kreditnih kartica za jednu transakciju. Sigurnosni depoziti obra\u0111uju se tek nakon najma, ako je primjenjivo.<\/p>\n<\/div><\/div><div id=\"1457629903806-1bdd8e50-4baa\" class=\"vc_do_toggle vc_toggle vc_toggle_default vc_toggle_color_default  vc_toggle_size_md\"><div class=\"vc_toggle_title\"><h4>Kada \u0107u dobiti kontakt informacije vlasnika ili najmoprimca?<\/h4><i class=\"vc_toggle_icon\"><\/i><\/div><div class=\"vc_toggle_content\"><p>Kontaktne informacije ostaju privatne i blokirane dok rezervacija nije slu\u017ebeno odobrena kako bismo osigurali va\u0161u sigurnost i za\u0161titili vas od neovla\u0161tenih strana. Rezervacija izvan YachttoGO-a kr\u0161i na\u0161e uvjete pru\u017eanja usluge i ugro\u017eava va\u0161u sigurnost. Nakon \u0161to je rezervacija odobrena i predujam upla\u0107en, dobit \u0107ete puni pristup kontaktnim informacijama.<\/p>\n<\/div><\/div><div class=\"vc_separator wpb_content_element vc_separator_align_center vc_sep_width_100 vc_sep_dotted vc_sep_pos_align_center vc_separator_no_text vc_custom_1540486621384 wpb_content_element  vc_custom_1540486621384 wpb_content_element\" ><span class=\"vc_sep_holder vc_sep_holder_l\"><span style=\"border-color:#d8dce1;\" class=\"vc_sep_line\"><\/span><\/span><span class=\"vc_sep_holder vc_sep_holder_r\"><span style=\"border-color:#d8dce1;\" class=\"vc_sep_line\"><\/span><\/span>\n<\/div><\/div><\/div><\/div><\/div><div class=\"vc_row wpb_row vc_row-fluid\"><div class=\"wpb_column vc_column_container vc_col-sm-12\"><div class=\"vc_column-inner\"><div class=\"wpb_wrapper\">\n\t<div class=\"wpb_text_column wpb_content_element\" >\n\t\t<div class=\"wpb_wrapper\">\n\t\t\t<div>\n<div>\n<div>\n<h2><strong>\u010cesto postavljana pitanja o ra\u010dunu<\/strong><\/h2>\n<\/div>\n<\/div>\n<\/div>\n\n\t\t<\/div>\n\t<\/div>\n<div id=\"1457564614680-0f2cb9e8-eaaf\" class=\"vc_do_toggle vc_toggle vc_toggle_default vc_toggle_color_default  vc_toggle_size_md\"><div class=\"vc_toggle_title\"><h4>Kako povezati svoj ra\u010dun s Facebookom, Googleom ili LinkedInom?<\/h4><i class=\"vc_toggle_icon\"><\/i><\/div><div class=\"vc_toggle_content\"><p>Lak na\u010din za stvaranje va\u0161eg YachttoGO prijava je kori\u0161tenje opcije \u201cPrijavite se putem Facebooka, Googlea ili LinkedIna\u201d. Ako ste ve\u0107 stvorili ra\u010dun, idite na <strong>Uredi profil &gt; Povjerenje i provjera<\/strong>. Prona\u0107i \u0107ete opcije za sigurno povezivanje svojih omiljenih ra\u010duna.<\/p>\n<\/div><\/div><div id=\"1457563269545-df1d9b94-9d5e\" class=\"vc_do_toggle vc_toggle vc_toggle_default vc_toggle_color_default  vc_toggle_size_md\"><div class=\"vc_toggle_title\"><h4>Kako se mogu prijaviti za YachttoGO?<\/h4><i class=\"vc_toggle_icon\"><\/i><\/div><div class=\"vc_toggle_content\"><p>Pridru\u017eivanje na\u0161oj ekskluzivnoj zajednici je jednostavno i besplatno:<\/p>\n<ol>\n<li>Idi na <a href=\"https:\/\/www.yachttogo.com\/hr\/\">www.yachttogo.com<\/a> i kliknite na poveznicu \u201cPrijavi se\u201d.<\/li>\n<li>Prilo\u017eite potrebne detalje.<\/li>\n<li>Slo\u017eite se s na\u0161im <a href=\"https:\/\/www.yachttogo.com\/hr\/terms-and-conditions\/\">Uvjeti kori\u0161tenja<\/a>.<\/li>\n<\/ol>\n<\/div><\/div><div id=\"1457564659743-c02f10f0-44cd\" class=\"vc_do_toggle vc_toggle vc_toggle_default vc_toggle_color_default  vc_toggle_size_md\"><div class=\"vc_toggle_title\"><h4>Kako mogu resetirati svoju lozinku?<\/h4><i class=\"vc_toggle_icon\"><\/i><\/div><div class=\"vc_toggle_content\"><p>Ako trebate resetirati lozinku:<\/p>\n<ol>\n<li>Idite na poveznicu \u201cZaboravili ste lozinku\u201d na stranici za prijavu.<\/li>\n<li>Unesite e-mail adresu povezanu s va\u0161im YachttoGO ra\u010dunom i kliknite \u201cPo\u0161alji poveznicu za resetiranje\u201d.<\/li>\n<li>Provjerite svoj po\u0161tanski sandu\u010di\u0107 e-po\u0161te radi poruke od office@yachttogo.com.<\/li>\n<li>Prijavite se pomo\u0107u dostavljenih privremenih vjerodajnica i postavite novu lozinku na svojoj nadzornoj plo\u010di.<\/li>\n<\/ol>\n<\/div><\/div><div id=\"1457563413051-53682728-2bbe\" class=\"vc_do_toggle vc_toggle vc_toggle_default vc_toggle_color_default  vc_toggle_size_md\"><div class=\"vc_toggle_title\"><h4>Kako mogu potvrditi svoje osobne kontaktne podatke?<\/h4><i class=\"vc_toggle_icon\"><\/i><\/div><div class=\"vc_toggle_content\"><p>Da biste provjerili svoj broj mobitela, idite na <strong>Profil &gt; Povjerenje i provjera &gt; Dodaj vi\u0161e provjera<\/strong>. Unesite svoj broj telefona i kliknite \u201cPotvrdi putem SMS-a\u201d. Primit \u0107ete \u010detveroznamenkasti kod. Da biste potvrdili svoju e-po\u0161tu, provjerite svoj sandu\u010di\u0107 za dolaznu po\u0161tu i kliknite \u201cPotvrdi e-po\u0161tu\u201d.<\/p>\n<\/div><\/div><div class=\"vc_separator wpb_content_element vc_separator_align_center vc_sep_width_100 vc_sep_dotted vc_sep_pos_align_center vc_separator_no_text vc_custom_1540486621384 wpb_content_element  vc_custom_1540486621384 wpb_content_element\" ><span class=\"vc_sep_holder vc_sep_holder_l\"><span style=\"border-color:#d8dce1;\" class=\"vc_sep_line\"><\/span><\/span><span class=\"vc_sep_holder vc_sep_holder_r\"><span style=\"border-color:#d8dce1;\" class=\"vc_sep_line\"><\/span><\/span>\n<\/div><\/div><\/div><\/div><\/div><div class=\"vc_row wpb_row vc_row-fluid\"><div class=\"wpb_column vc_column_container vc_col-sm-12\"><div class=\"vc_column-inner\"><div class=\"wpb_wrapper\">\n\t<div class=\"wpb_text_column wpb_content_element\" >\n\t\t<div class=\"wpb_wrapper\">\n\t\t\t<div>\n<div>\n<div>\n<h2><strong>\u010cesto postavljana pitanja najmoprimaca<\/strong><\/h2>\n<\/div>\n<\/div>\n<\/div>\n\n\t\t<\/div>\n\t<\/div>\n<div  class=\"vc_do_toggle vc_toggle vc_toggle_default vc_toggle_color_default  vc_toggle_size_md\"><div class=\"vc_toggle_title\"><h4>Kako mogu potvrditi svoj identitet?<\/h4><i class=\"vc_toggle_icon\"><\/i><\/div><div class=\"vc_toggle_content\"><p>Kako bi odr\u017eao visoko pouzdanu zajednicu, YachttoGO koristi strogi postupak provjere. Idite na <strong>Profil &gt; Povjerenje i provjera &gt; Provjeri svoj identitet<\/strong>. Odaberite vrstu ID-a, prenesite sigurnu sliku i kliknite <strong>Provjeri me<\/strong>.<\/p>\n<\/div><\/div><div  class=\"vc_do_toggle vc_toggle vc_toggle_default vc_toggle_color_default  vc_toggle_size_md\"><div class=\"vc_toggle_title\"><h4>Kako platiti najam svoje jahte?<\/h4><i class=\"vc_toggle_icon\"><\/i><\/div><div class=\"vc_toggle_content\"><p>Prilikom rezervacije luksuzne jahte s YachttoGO-om imate sigurne opcije pla\u0107anja, uklju\u010duju\u0107i kreditne kartice i ovla\u0161tene bankovne prijenose. Nakon \u0161to vlasnik plovila odobri va\u0161 zahtjev za najam, prije\u0111ite na fazu pla\u0107anja klikom na <strong>Obavi pla\u0107anje<\/strong>.<\/p>\n<\/div><\/div><div  class=\"vc_do_toggle vc_toggle vc_toggle_default vc_toggle_color_default  vc_toggle_size_md\"><div class=\"vc_toggle_title\"><h4>Kako iskoristiti promotivni kod?<\/h4><i class=\"vc_toggle_icon\"><\/i><\/div><div class=\"vc_toggle_content\"><p>Ako posjedujete va\u017ee\u0107i promotivni kod ili VIP vau\u010der, unesite ga tijekom procesa pla\u0107anja u polje \u201cImate li promotivni kod?\u201d i kliknite <strong>Prijaviti se<\/strong> prije dovr\u0161etka va\u0161e transakcije.<\/p>\n<\/div><\/div><div  class=\"vc_do_toggle vc_toggle vc_toggle_default vc_toggle_color_default  vc_toggle_size_md\"><div class=\"vc_toggle_title\"><h4>\u0160to je naknada za uslugu YachttoGO za goste?<\/h4><i class=\"vc_toggle_icon\"><\/i><\/div><div class=\"vc_toggle_content\"><p>YachttoGO napla\u0107uje najamoprimcima vrlo konkurentnu naknadu za uslugu od 10%. Ova naknada nam omogu\u0107uje sigurno obra\u0111ivanje transakcija, primjenu vrhunske za\u0161tite od prijevara i pru\u017eanje VIP korisni\u010dke podr\u0161ke 24\/7.<\/p>\n<\/div><\/div><div  class=\"vc_do_toggle vc_toggle vc_toggle_default vc_toggle_color_default  vc_toggle_size_md\"><div class=\"vc_toggle_title\"><h4>Postoje li naknade za transakcije?<\/h4><i class=\"vc_toggle_icon\"><\/i><\/div><div class=\"vc_toggle_content\"><p>Standardna me\u0111unarodna obrada pla\u0107anja mo\u017ee podlijegati standardnoj naknadi za nov\u010danu transakciju od 3%, koja se primjenjuje radi pokrivanja tro\u0161kova sigurne bankarske pristupnice.<\/p>\n<\/div><\/div><div  class=\"vc_do_toggle vc_toggle vc_toggle_default vc_toggle_color_default  vc_toggle_size_md\"><div class=\"vc_toggle_title\"><h4>Mogu li platiti bilo kojom valutom?<\/h4><i class=\"vc_toggle_icon\"><\/i><\/div><div class=\"vc_toggle_content\"><p>Da, YachttoGO prihva\u0107a glavne svjetske valute obra\u0111ene sigurno putem na\u0161ih me\u0111unarodnih platnih vrata. Mogu se primijeniti standardne te\u010dajne stope konverzije valuta ovisno o va\u0161oj banci.<\/p>\n<\/div><\/div><\/div><\/div><\/div><\/div><div class=\"vc_row wpb_row vc_row-fluid\"><div class=\"wpb_column vc_column_container vc_col-sm-12\"><div class=\"vc_column-inner\"><div class=\"wpb_wrapper\">\n\t<div class=\"wpb_text_column wpb_content_element\" >\n\t\t<div class=\"wpb_wrapper\">\n\t\t\t<div>\n<div>\n<div>\n<h2><strong>\u010cesto postavljana pitanja vlasnika<\/strong><\/h2>\n<\/div>\n<\/div>\n<\/div>\n\n\t\t<\/div>\n\t<\/div>\n<div  class=\"vc_do_toggle vc_toggle vc_toggle_default vc_toggle_color_default  vc_toggle_size_md\"><div class=\"vc_toggle_title\"><h4>\u0160to je Instant Booking?<\/h4><i class=\"vc_toggle_icon\"><\/i><\/div><div class=\"vc_toggle_content\"><p>Instant Book je naju\u010dinkovitiji na\u010din osiguranja \u010dartera! Kada je omogu\u0107en, gosti mogu presko\u010diti fazu upita i odmah osigurati svoje datume. Va\u0161a objava \u0107e imati ikonu munje.<br \/>\n<strong>Kako omogu\u0107iti Instant Book?<\/strong><br \/>\nVa\u0161e plovilo mora ispuniti sljede\u0107e kriterije:<\/p>\n<ul>\n<li>A\u017eurirani kalendar (u posljednjih 30 dana)<\/li>\n<li>Najmanje jedna uspje\u0161no dovr\u0161ena najamnica<\/li>\n<li>Sveobuhvatna ku\u0107na pravila<\/li>\n<\/ul>\n<p>Ako ispunjavate uvjete, idite na <strong>Va\u0161e oglase &gt; Upravljanje oglasom i kalendarom &gt; Cijene &gt; Trenutna rezervacija<\/strong>.<\/p>\n<\/div><\/div><div  class=\"vc_do_toggle vc_toggle vc_toggle_default vc_toggle_color_default  vc_toggle_size_md\"><div class=\"vc_toggle_title\"><h4>Kako mogu a\u017eurirati ili sinkronizirati svoj kalendar?<\/h4><i class=\"vc_toggle_icon\"><\/i><\/div><div class=\"vc_toggle_content\"><p>Odr\u017eavanje to\u010dnog kalendara je klju\u010dno. Da biste ru\u010dno prilagodili dostupnost, idite na <strong>Va\u0161e oglase &gt; Upravljanje oglasom i kalendarom &gt; Kalendar<\/strong>.<br \/>\nZa sinkronizaciju s vanjskim kalendarima (Google\/Outlook), kliknite \u201cIzvezi kalendar\u201d kako biste generirali specijalizirani URL, a zatim ga dodajte u svoju omiljenu aplikaciju za kalendar kako biste sprije\u010dili dvostruko rezerviranje.<\/p>\n<\/div><\/div><div  class=\"vc_do_toggle vc_toggle vc_toggle_default vc_toggle_color_default  vc_toggle_size_md\"><div class=\"vc_toggle_title\"><h4>Kako odobriti ili odbiti zahtjeve za rezervaciju?<\/h4><i class=\"vc_toggle_icon\"><\/i><\/div><div class=\"vc_toggle_content\"><p>Kada primite zahtjev, na va\u0161oj nadzornoj plo\u010di pojavit \u0107e se obavijest. Imate tri opcije:<\/p>\n<ol>\n<li><strong>Prethodno odobriti:<\/strong> Prihvatite rezervaciju kako biste nastavili s pla\u0107anjem.<\/li>\n<li><strong>Pad:<\/strong> Ljubazno odbijte ako datumi nisu dostupni ili zahtjev ne odgovara va\u0161im kriterijima.<\/li>\n<li><strong>Po\u0161alji ponudu:<\/strong> Odgovorite prilago\u0111enim planom putovanja ili ponudom cijene po mjeri.<\/li>\n<\/ol>\n<\/div><\/div><div  class=\"vc_do_toggle vc_toggle vc_toggle_default vc_toggle_color_default  vc_toggle_size_md\"><div class=\"vc_toggle_title\"><h4>\u0160to je YachttoGO provizija za vlasnike?<\/h4><i class=\"vc_toggle_icon\"><\/i><\/div><div class=\"vc_toggle_content\"><p>Cijenimo na\u0161e partnere u floti. YachttoGO posluje po iznimno konkurentnoj, vlasniku povoljnoj provizijskoj strukturi od samo 10% po svakom uspje\u0161nom \u010darteru, osiguravaju\u0107i vam maksimalnu vrijednost uz globalnu vidljivost.<\/p>\n<\/div><\/div><div  class=\"vc_do_toggle vc_toggle vc_toggle_default vc_toggle_color_default  vc_toggle_size_md\"><div class=\"vc_toggle_title\"><h4>\u0160to YachttoGO nudi vlasnicima brodova?<\/h4><i class=\"vc_toggle_icon\"><\/i><\/div><div class=\"vc_toggle_content\"><p><strong>Objavite svoje \u010darter jahte ili bareboat jahte na YachttoGO<\/strong><br \/>\nAko \u017eelite unajmiti svoju luksuznu jahtu ili iznajmiti golu jahtu, slobodno bace sidro na YachttoGO. Na\u0161a platforma savr\u0161eno funkcionira za vlasnike: vi navodite svoje jahte, a mi osiguravamo da budu vidljive globalnoj publici osoba visoke neto vrijednosti i ljubitelja jedrenja. Privla\u010dimo ogroman broj me\u0111unarodnih posjetitelja iz regija uklju\u010duju\u0107i Njema\u010dku, SAD, Ujedinjeno Kraljevstvo, Rusiju, Katar i UAE.<\/p>\n<\/div><\/div><div  class=\"vc_do_toggle vc_toggle vc_toggle_default vc_toggle_color_default  vc_toggle_size_md\"><div class=\"vc_toggle_title\"><h4>\u0160to se doga\u0111a ako plovilo zaka\u017ee?<\/h4><i class=\"vc_toggle_icon\"><\/i><\/div><div class=\"vc_toggle_content\"><p>Ako plovilo do\u017eivi mehani\u010dki kvar prije razdoblja najma, vlasnik mora odmah kontaktirati <a href=\"https:\/\/www.yachttogo.com\/hr\/contact-us\/\" target=\"_blank\" rel=\"noopener\">YachttoGO podr\u0161ka<\/a> otkazati rezervaciju, osigurati gostu puni povrat novca ili premje\u0161taj, te a\u017eurirati operativni status plovila.<\/p>\n<\/div><\/div><\/div><\/div><\/div><\/div>\n<\/div>","protected":false},"excerpt":{"rendered":"Discover YachttoGO &amp; Our Fleet What Types of Yachts Are Listed on YachttoGO?Diversity of Private Yachts for Charter Around the World Luxury Charter Yachts: Experience impeccable service and VIP amenities. Spacious Catamarans: Perfect for families and groups seeking ultimate comfort and stability. Sailing Yachts: Become your own captain and chart your own course. Motor Yachts: [...]","protected":false},"author":1,"featured_media":0,"parent":0,"menu_order":0,"comment_status":"closed","ping_status":"closed","template":"","meta":{"footnotes":""},"class_list":["post-3628","page","type-page","status-publish","hentry"],"_links":{"self":[{"href":"https:\/\/www.yachttogo.com\/hr\/wp-json\/wp\/v2\/pages\/3628","targetHints":{"allow":["GET"]}}],"collection":[{"href":"https:\/\/www.yachttogo.com\/hr\/wp-json\/wp\/v2\/pages"}],"about":[{"href":"https:\/\/www.yachttogo.com\/hr\/wp-json\/wp\/v2\/types\/page"}],"author":[{"embeddable":true,"href":"https:\/\/www.yachttogo.com\/hr\/wp-json\/wp\/v2\/users\/1"}],"replies":[{"embeddable":true,"href":"https:\/\/www.yachttogo.com\/hr\/wp-json\/wp\/v2\/comments?post=3628"}],"version-history":[{"count":2,"href":"https:\/\/www.yachttogo.com\/hr\/wp-json\/wp\/v2\/pages\/3628\/revisions"}],"predecessor-version":[{"id":35520,"href":"https:\/\/www.yachttogo.com\/hr\/wp-json\/wp\/v2\/pages\/3628\/revisions\/35520"}],"wp:attachment":[{"href":"https:\/\/www.yachttogo.com\/hr\/wp-json\/wp\/v2\/media?parent=3628"}],"curies":[{"name":"wp","href":"https:\/\/api.w.org\/{rel}","templated":true}]}}