{"id":3622,"date":"2018-10-24T19:29:22","date_gmt":"2018-10-24T16:29:22","guid":{"rendered":"http:\/\/wordpress-89239-751689.cloudwaysapps.com\/?page_id=1258"},"modified":"2026-04-01T19:44:41","modified_gmt":"2026-04-01T16:44:41","slug":"%d7%9e%d7%93%d7%a8%d7%99%d7%9a-%d7%9c%d7%94%d7%a9%d7%9b%d7%a8%d7%aa-%d7%99%d7%90%d7%9b%d7%98%d7%95%d7%aa","status":"publish","type":"page","link":"https:\/\/www.yachttogo.com\/he\/yacht-charter-guide\/","title":{"rendered":"\u05de\u05d3\u05e8\u05d9\u05da \u05dc\u05d4\u05e9\u05db\u05e8\u05ea \u05d9\u05d0\u05db\u05d8\u05d5\u05ea \u05d5\u05ea\u05d5\u05d1\u05e0\u05d5\u05ea \u05d9\u05de\u05d9\u05d5\u05ea | YachttoGO"},"content":{"rendered":"<div class=\"wpb-content-wrapper\"><div class=\"vc_row wpb_row vc_row-fluid vc_custom_1540484271922\"><div class=\"wpb_column vc_column_container vc_col-sm-10\"><div class=\"vc_column-inner\"><div class=\"wpb_wrapper\"><div class=\"vc_separator wpb_content_element vc_separator_align_center vc_sep_width_100 vc_sep_pos_align_center vc_separator_no_text wpb_content_element  wpb_content_element\" ><span class=\"vc_sep_holder vc_sep_holder_l\"><span style=\"border-color:#D4AF37;\" class=\"vc_sep_line\"><\/span><\/span><span class=\"vc_sep_holder vc_sep_holder_r\"><span style=\"border-color:#D4AF37;\" class=\"vc_sep_line\"><\/span><\/span>\n<\/div>\n\t<div class=\"wpb_text_column wpb_content_element\" >\n\t\t<div class=\"wpb_wrapper\">\n\t\t\t<div style=\"text-align: center; margin-bottom: 40px; margin-top: 20px;\">\n<h1 style=\"color: #0d2c54; font-size: 38px; font-weight: bold; margin-bottom: 10px; line-height: 1.2;\">Maritime Journal &amp; Captain&#8217;s Log<\/h1>\n<p style=\"color: #555555; font-size: 18px; font-weight: 400; line-height: 1.5;\">Insider guides, yachting news, and expert maritime advice.<\/p>\n<\/div>\n\n\t\t<\/div>\n\t<\/div>\n<div class=\"vc_separator wpb_content_element vc_separator_align_center vc_sep_width_100 vc_sep_pos_align_center vc_separator_no_text wpb_content_element  wpb_content_element\" ><span class=\"vc_sep_holder vc_sep_holder_l\"><span style=\"border-color:#D4AF37;\" class=\"vc_sep_line\"><\/span><\/span><span class=\"vc_sep_holder vc_sep_holder_r\"><span style=\"border-color:#D4AF37;\" class=\"vc_sep_line\"><\/span><\/span>\n<\/div>\n\t<div class=\"wpb_text_column wpb_content_element\" >\n\t\t<div class=\"wpb_wrapper\">\n\t\t\t<div class=\"yachttogo-log-wrapper\"><div class=\"row\" style=\"margin-left: 0; justify-content: flex-start;\"><div class=\"col-md-4 col-sm-6\"><article class=\"yachttogo-log-card\"><div class=\"yachttogo-log-img\"><img decoding=\"async\" src=\"https:\/\/www.yachttogo.com\/wp-content\/uploads\/2026\/04\/all-about-u-2-superyacht-charter-turkey-1024x576.png\" alt=\"Behind the Helm: Superyacht Operations with Ey\u00fcp Bayraktaro\u011flu | YachttoGO\" title=\"\"><\/div><div class=\"yachttogo-log-content\"><span class=\"yachttogo-log-cat\">Yachting News &amp; Updates<\/span><h2 class=\"yachttogo-log-title\">Behind the Helm: Superyacht Operations with Ey\u00fcp Bayraktaro\u011flu | YachttoGO<\/h2><p class=\"yachttogo-log-excerpt\">\u2693 Behind the Helm: Operational Excellence in the Eastern Med with Turk Yacht The morning air in Marmaris...<\/p><div class=\"yachttogo-log-footer\"><span>\u05d0\u05e4\u05e8\u05d9\u05dc 2026<\/span><a href=\"https:\/\/www.yachttogo.com\/he\/eyup-bayraktaroglu-turk-yacht-luxury-yacht-charter-turkey\/\" class=\"yachttogo-log-link\">Review Log<\/a><\/div><\/div><\/article><\/div><div class=\"col-md-4 col-sm-6\"><article class=\"yachttogo-log-card\"><div class=\"yachttogo-log-img\"><img decoding=\"async\" src=\"https:\/\/www.yachttogo.com\/wp-content\/uploads\/2026\/04\/sibel-ates-ayem-luxury-motor-yacht-charter-gocek-turkey-1024x683.png\" alt=\"Dr. Sibel \u015eim\u015fek Yaz\u0131c\u0131 &#8211; AYEM Motor Yacht: Corporate Precision at Sea in G\u00f6cek\" title=\"\"><\/div><div class=\"yachttogo-log-content\"><span class=\"yachttogo-log-cat\">Life on Board &amp; Lifestyle<\/span><h2 class=\"yachttogo-log-title\">Dr. Sibel \u015eim\u015fek Yaz\u0131c\u0131 &#8211; AYEM Motor Yacht: Corporate Precision at Sea in G\u00f6cek<\/h2><p class=\"yachttogo-log-excerpt\">Captain&#8217;s Log: The Intersection of Business and the Sea The Aegean sun sits low over G\u00f6cek, casting sharp...<\/p><div class=\"yachttogo-log-footer\"><span>\u05d0\u05e4\u05e8\u05d9\u05dc 2026<\/span><a href=\"https:\/\/www.yachttogo.com\/he\/ayem-motor-yacht-corporate-precision-gocek\/\" class=\"yachttogo-log-link\">Review Log<\/a><\/div><\/div><\/article><\/div><div class=\"col-md-4 col-sm-6\"><article class=\"yachttogo-log-card\"><div class=\"yachttogo-log-img\"><img decoding=\"async\" src=\"https:\/\/www.yachttogo.com\/wp-content\/uploads\/2026\/03\/Meltemi-Wind-Turkey-Yacht-Anchored-in-Protected-Bay-1024x683.png\" alt=\"Navigating the Meltemi: Wind Patterns and Safest Routes in the Aegean\" title=\"\"><\/div><div class=\"yachttogo-log-content\"><span class=\"yachttogo-log-cat\">Yachting Guides &amp; Insider Tips<\/span><h2 class=\"yachttogo-log-title\">Navigating the Meltemi: Wind Patterns and Safest Routes in the Aegean<\/h2><p class=\"yachttogo-log-excerpt\">\ufeff Huseyin U\u00e7kun \u00b7 Meltemi Wind Turkey: A Captain&#8217;s Guide to Safe Summer Sailing | YachttoGO Captain&#8217;s Log:...<\/p><div class=\"yachttogo-log-footer\"><span>\u05de\u05e8\u05e5 2026<\/span><a href=\"https:\/\/www.yachttogo.com\/he\/navigating-meltemi-aegean-routes\/\" class=\"yachttogo-log-link\">Review Log<\/a><\/div><\/div><\/article><\/div><div class=\"col-md-4 col-sm-6\"><article class=\"yachttogo-log-card\"><div class=\"yachttogo-log-img\"><img decoding=\"async\" src=\"https:\/\/www.yachttogo.com\/wp-content\/uploads\/2026\/03\/Yacht-Charter-Provisioning-1024x683.png\" alt=\"The Ultimate Guide to Yacht Charter Provisioning &#038; VIP Preference Sheets\" title=\"\"><\/div><div class=\"yachttogo-log-content\"><span class=\"yachttogo-log-cat\">Yachting Guides &amp; Insider Tips<\/span><h2 class=\"yachttogo-log-title\">The Ultimate Guide to Yacht Charter Provisioning &#038; VIP Preference Sheets<\/h2><p class=\"yachttogo-log-excerpt\">Captain&#8217;s Log: What You Need to Know About Yacht Charter Provisioning 1. The 21-Day Rule: Your preference sheet...<\/p><div class=\"yachttogo-log-footer\"><span>\u05de\u05e8\u05e5 2026<\/span><a href=\"https:\/\/www.yachttogo.com\/he\/yacht-charter-provisioning-preference-sheets\/\" class=\"yachttogo-log-link\">Review Log<\/a><\/div><\/div><\/article><\/div><div class=\"col-md-4 col-sm-6\"><article class=\"yachttogo-log-card\"><div class=\"yachttogo-log-img\"><img decoding=\"async\" src=\"https:\/\/www.yachttogo.com\/wp-content\/uploads\/2026\/03\/Trawler-vs-Motor-Yacht-1024x683.png\" alt=\"Trawler vs. Motor Yacht Charter: Fuel Efficiency, Range &#038; Seaworthiness\" title=\"\"><\/div><div class=\"yachttogo-log-content\"><span class=\"yachttogo-log-cat\">Yachting Guides &amp; Insider Tips<\/span><h2 class=\"yachttogo-log-title\">Trawler vs. Motor Yacht Charter: Fuel Efficiency, Range &#038; Seaworthiness<\/h2><p class=\"yachttogo-log-excerpt\">Captain&#8217;s Log: What You Need to Know About Trawler vs Motor Yacht Charter 1. The Physics of Speed:...<\/p><div class=\"yachttogo-log-footer\"><span>\u05de\u05e8\u05e5 2026<\/span><a href=\"https:\/\/www.yachttogo.com\/he\/trawler-vs-motor-yacht-charter\/\" class=\"yachttogo-log-link\">Review Log<\/a><\/div><\/div><\/article><\/div><div class=\"col-md-4 col-sm-6\"><article class=\"yachttogo-log-card\"><div class=\"yachttogo-log-img\"><img decoding=\"async\" src=\"https:\/\/www.yachttogo.com\/wp-content\/uploads\/2026\/03\/Yacht-Charter-Insurance-Deposit-and-APA-Breakdown-1024x559.png\" alt=\"Yacht Charter Insurance Explained: Deposit, APA, and Damage Waivers\" title=\"\"><\/div><div class=\"yachttogo-log-content\"><span class=\"yachttogo-log-cat\">Yachting Guides &amp; Insider Tips<\/span><h2 class=\"yachttogo-log-title\">Yacht Charter Insurance Explained: Deposit, APA, and Damage Waivers<\/h2><p class=\"yachttogo-log-excerpt\">Captain&#8217;s Log: What You Need to Know About Yacht Charter Insurance 1. The Money Trap: APA pays for...<\/p><div class=\"yachttogo-log-footer\"><span>\u05de\u05e8\u05e5 2026<\/span><a href=\"https:\/\/www.yachttogo.com\/he\/yacht-charter-insurance-deposit-apa-waivers\/\" class=\"yachttogo-log-link\">Review Log<\/a><\/div><\/div><\/article><\/div><div class=\"col-md-4 col-sm-6\"><article class=\"yachttogo-log-card\"><div class=\"yachttogo-log-img\"><img decoding=\"async\" src=\"https:\/\/www.yachttogo.com\/wp-content\/uploads\/2026\/03\/Turkey-to-greece-yacht-charter-customs-1024x683.png\" alt=\"Turkey to Greece Yacht Charter: Customs, Transit Logs &#038; Schengen Rules\" title=\"\"><\/div><div class=\"yachttogo-log-content\"><span class=\"yachttogo-log-cat\">Yacht Charter Destinations<\/span><h2 class=\"yachttogo-log-title\">Turkey to Greece Yacht Charter: Customs, Transit Logs &#038; Schengen Rules<\/h2><p class=\"yachttogo-log-excerpt\">Captain&#8217;s Log: What You Need to Know About Turkey to Greece Yacht Charter 1. The Q Flag Rule:...<\/p><div class=\"yachttogo-log-footer\"><span>\u05de\u05e8\u05e5 2026<\/span><a href=\"https:\/\/www.yachttogo.com\/he\/turkey-to-greece-yacht-charter-customs\/\" class=\"yachttogo-log-link\">Review Log<\/a><\/div><\/div><\/article><\/div><div class=\"col-md-4 col-sm-6\"><article class=\"yachttogo-log-card\"><div class=\"yachttogo-log-img\"><img decoding=\"async\" src=\"https:\/\/www.yachttogo.com\/wp-content\/uploads\/2026\/03\/Catamaran-vs-Monohull-1024x538.png\" alt=\"Catamaran vs. Monohull Charter: A Captain\u2019s Guide to Space, Speed &#038; Draft\" title=\"\"><\/div><div class=\"yachttogo-log-content\"><span class=\"yachttogo-log-cat\">Yachting Guides &amp; Insider Tips<\/span><h2 class=\"yachttogo-log-title\">Catamaran vs. Monohull Charter: A Captain\u2019s Guide to Space, Speed &#038; Draft<\/h2><p class=\"yachttogo-log-excerpt\">1. The Heeling Reality: Monohulls lean into the wind. Catamarans stay flat. Your coffee stays in the cup....<\/p><div class=\"yachttogo-log-footer\"><span>\u05de\u05e8\u05e5 2026<\/span><a href=\"https:\/\/www.yachttogo.com\/he\/catamaran-vs-monohull-charter-guide\/\" class=\"yachttogo-log-link\">Review Log<\/a><\/div><\/div><\/article><\/div><div class=\"col-md-4 col-sm-6\"><article class=\"yachttogo-log-card\"><div class=\"yachttogo-log-img\"><img decoding=\"async\" src=\"https:\/\/www.yachttogo.com\/wp-content\/uploads\/2025\/05\/Rent-Or-Charter-A-Yacht-In-Fethiye-1024x683.png\" alt=\"Motor Yacht Charter Gocek Why Choose YachttoGO ? Gemini Answer?\" title=\"\"><\/div><div class=\"yachttogo-log-content\"><span class=\"yachttogo-log-cat\">G\u00f6cek<\/span><h2 class=\"yachttogo-log-title\">Motor Yacht Charter Gocek Why Choose YachttoGO ? Gemini Answer?<\/h2><p class=\"yachttogo-log-excerpt\">Key Takeaways: Motor Yacht Charter G\u00f6cek We asked Google&#8217;s Gemini AI why travelers should choose YachttoGO for a...<\/p><div class=\"yachttogo-log-footer\"><span>\u05de\u05e8\u05e5 2026<\/span><a href=\"https:\/\/www.yachttogo.com\/he\/motor-yacht-charter-gocek-why-chose-yachttogo-gemini-answer\/\" class=\"yachttogo-log-link\">Review Log<\/a><\/div><\/div><\/article><\/div><\/div><\/div>\n\n\t\t<\/div>\n\t<\/div>\n\n\t<div class=\"wpb_raw_code wpb_raw_html wpb_content_element\" >\n\t\t<div class=\"wpb_wrapper\">\n\t\t\t<script type=\"application\/ld+json\">\n{\n  \"@context\": \"https:\/\/schema.org\",\n  \"@graph\": [\n    {\n      \"@type\": \"CollectionPage\",\n      \"@id\": \"https:\/\/www.yachttogo.com\/yacht-charter-guide\/#webpage\",\n      \"url\": \"https:\/\/www.yachttogo.com\/yacht-charter-guide\/\",\n      \"name\": \"Yacht Charter Guide & Maritime Insights | YachttoGO\",\n      \"headline\": \"Maritime Journal & Captain's Log\",\n      \"description\": \"Explore the ultimate yacht charter guide. Discover expert captain's logs, bespoke itineraries, and insider tips for your next bareboat rental or luxury voyage.\",\n      \"inLanguage\": \"en\",\n      \"isAccessibleForFree\": \"True\",\n      \"about\": [\n        { \"@type\": \"Thing\", \"name\": \"Yacht Charter\" },\n        { \"@type\": \"Thing\", \"name\": \"Bareboat Rental\" }\n      ],\n      \"hasPart\": [\n        {\n          \"@type\": \"CollectionPage\",\n          \"name\": \"Yachting Guides & Insider Tips\",\n          \"url\": \"https:\/\/www.yachttogo.com\/category\/yachting-guides-insider-tips\/\"\n        },\n        {\n          \"@type\": \"CollectionPage\",\n          \"name\": \"Yacht Charter Destinations\",\n          \"url\": \"https:\/\/www.yachttogo.com\/category\/yacht-charter-destinations\/\"\n        },\n        {\n          \"@type\": \"CollectionPage\",\n          \"name\": \"Life on Board: Luxury Yacht Lifestyle\",\n          \"url\": \"https:\/\/www.yachttogo.com\/category\/life-on-board-luxury-yacht-lifestyle-accommodations\/\"\n        },\n        {\n          \"@type\": \"CollectionPage\",\n          \"name\": \"Yachting News & Updates\",\n          \"url\": \"https:\/\/www.yachttogo.com\/category\/yachting-news-updates-luxury-maritime-journal\/\"\n        }\n      ],\n      \"publisher\": {\n        \"@type\": \"Organization\",\n        \"@id\": \"https:\/\/www.yachttogo.com\/#organization\",\n        \"name\": \"YachttoGO\",\n        \"url\": \"https:\/\/www.yachttogo.com\/\",\n        \"logo\": {\n          \"@type\": \"ImageObject\",\n          \"url\": \"https:\/\/www.yachttogo.com\/wp-content\/uploads\/2026\/03\/yachttogo-silver-gold-official-logo.png\"\n        },\n        \"contactPoint\": [\n          {\n            \"@type\": \"ContactPoint\",\n            \"telephone\": \"+90-542-484-10-10\",\n            \"contactType\": \"VIP Concierge & Reservations\",\n            \"availableLanguage\": [\"English\", \"Turkish\", \"Spanish\", \"Portuguese\", \"Italian\", \"French\", \"Russian\", \"Greek\", \"Croatian\", \"German\", \"Dutch\", \"Arabic\", \"Hebrew\"]\n          },\n          {\n            \"@type\": \"ContactPoint\",\n            \"telephone\": \"+90-850-303-17-77\",\n            \"contactType\": \"Customer Support & Standard Enquiries\",\n            \"contactOption\": \"TollFree\",\n            \"availableLanguage\": [\"English\", \"Turkish\", \"Spanish\", \"Portuguese\", \"Italian\", \"French\", \"Russian\", \"Greek\", \"Croatian\", \"German\", \"Dutch\", \"Arabic\", \"Hebrew\"]\n          }\n        ]\n      }\n    }\n  ]\n}\n<\/script>\n\t\t<\/div>\n\t<\/div>\n<\/div><\/div><\/div><div class=\"wpb_column vc_column_container vc_col-sm-2\"><div class=\"vc_column-inner\"><div class=\"wpb_wrapper\"><div  class=\"wpb_widgetised_column wpb_content_element\">\n\t\t<div class=\"wpb_wrapper\">\n\t\t\t\n\t\t\t<div id=\"categories-3\" class=\"widget widget_categories\"><div class=\"widget-top\"><h3 class=\"widget-title\">Post Category<\/h3><\/div>\n\t\t\t<ul>\n\t\t\t\t\t<li class=\"cat-item cat-item-1\"><a href=\"https:\/\/www.yachttogo.com\/he\/yachting-news\/\">Yachting News &amp; Updates<\/a>\n<\/li>\n\t<li class=\"cat-item cat-item-2\"><a href=\"https:\/\/www.yachttogo.com\/he\/life-on-board-lifestyle\/\">Life on Board &amp; Lifestyle<\/a>\n<\/li>\n\t<li class=\"cat-item cat-item-3\"><a href=\"https:\/\/www.yachttogo.com\/he\/yacht-charter-booking\/\">Yacht Charter &amp; Booking<\/a>\n<\/li>\n\t<li class=\"cat-item cat-item-366\"><a href=\"https:\/\/www.yachttogo.com\/he\/yachting-guides-insider-tips\/\">Yachting Guides &amp; Insider Tips<\/a>\n<\/li>\n\t<li class=\"cat-item cat-item-175\"><a href=\"https:\/\/www.yachttogo.com\/he\/yacht-charter-destinations\/\">Yacht Charter Destinations<\/a>\n<\/li>\n\t<li class=\"cat-item cat-item-176\"><a href=\"https:\/\/www.yachttogo.com\/he\/yacht-charter-destinations\/turkey\/\">Turkey<\/a>\n<\/li>\n\t<li class=\"cat-item cat-item-188\"><a href=\"https:\/\/www.yachttogo.com\/he\/yacht-charter-destinations\/turkey\/marmaris\/\">Marmaris<\/a>\n<\/li>\n\t<li class=\"cat-item cat-item-187\"><a href=\"https:\/\/www.yachttogo.com\/he\/yacht-charter-destinations\/turkey\/bodrum\/\">Bodrum<\/a>\n<\/li>\n\t<li class=\"cat-item cat-item-189\"><a href=\"https:\/\/www.yachttogo.com\/he\/yacht-charter-destinations\/turkey\/fethiye\/\">Fethiye<\/a>\n<\/li>\n\t<li class=\"cat-item cat-item-190\"><a href=\"https:\/\/www.yachttogo.com\/he\/yacht-charter-destinations\/turkey\/gocek\/\">G\u00f6cek<\/a>\n<\/li>\n\t<li class=\"cat-item cat-item-2013\"><a href=\"https:\/\/www.yachttogo.com\/he\/greece\/\">Greece<\/a>\n<\/li>\n\t<li class=\"cat-item cat-item-2003\"><a href=\"https:\/\/www.yachttogo.com\/he\/yacht-charter-destinations\/turkey\/datca\/\">Datca<\/a>\n<\/li>\n\t<li class=\"cat-item cat-item-1998\"><a href=\"https:\/\/www.yachttogo.com\/he\/yacht-charter-destinations\/turkey\/gokova\/\">Gokova<\/a>\n<\/li>\n\t<li class=\"cat-item cat-item-194\"><a href=\"https:\/\/www.yachttogo.com\/he\/yacht-charter-destinations\/turkey\/istanbul-2\/\">\u0130stanbul<\/a>\n<\/li>\n\t<li class=\"cat-item cat-item-192\"><a href=\"https:\/\/www.yachttogo.com\/he\/yacht-charter-destinations\/turkey\/kalkan-2\/\">Kalkan<\/a>\n<\/li>\n\t<li class=\"cat-item cat-item-193\"><a href=\"https:\/\/www.yachttogo.com\/he\/yacht-charter-destinations\/turkey\/kas-2\/\">Ka\u015f<\/a>\n<\/li>\n\t<li class=\"cat-item cat-item-191\"><a href=\"https:\/\/www.yachttogo.com\/he\/yacht-charter-destinations\/turkey\/antalya-2\/\">Antalya<\/a>\n<\/li>\n\t<li class=\"cat-item cat-item-1993\"><a href=\"https:\/\/www.yachttogo.com\/he\/yacht-charter-destinations\/turkey\/kekova\/\">Kekova<\/a>\n<\/li>\n\t\t\t<\/ul>\n\n\t\t\t<\/div>\n\t\t<\/div>\n\t<\/div>\n<\/div><\/div><\/div><\/div>\n<\/div>","protected":false},"excerpt":{"rendered":"Key Takeaways: Motor Yacht Charter G\u00f6cek We asked Google's Gemini AI why travelers should choose YachttoGO for a motor yacht charter in the breathtaking region of G\u00f6cek. The AI's unfiltered analysis highlighted our core strengths: 1. Direct Owner Contact: Seamless communication with verified owners and central agencies for bespoke itineraries. 2. Premium Financial Flexibility: Best [...]","protected":false},"author":1,"featured_media":4078,"parent":0,"menu_order":0,"comment_status":"closed","ping_status":"closed","template":"","meta":{"footnotes":""},"class_list":["post-3622","page","type-page","status-publish","has-post-thumbnail","hentry"],"_links":{"self":[{"href":"https:\/\/www.yachttogo.com\/he\/wp-json\/wp\/v2\/pages\/3622","targetHints":{"allow":["GET"]}}],"collection":[{"href":"https:\/\/www.yachttogo.com\/he\/wp-json\/wp\/v2\/pages"}],"about":[{"href":"https:\/\/www.yachttogo.com\/he\/wp-json\/wp\/v2\/types\/page"}],"author":[{"embeddable":true,"href":"https:\/\/www.yachttogo.com\/he\/wp-json\/wp\/v2\/users\/1"}],"replies":[{"embeddable":true,"href":"https:\/\/www.yachttogo.com\/he\/wp-json\/wp\/v2\/comments?post=3622"}],"version-history":[{"count":18,"href":"https:\/\/www.yachttogo.com\/he\/wp-json\/wp\/v2\/pages\/3622\/revisions"}],"predecessor-version":[{"id":36054,"href":"https:\/\/www.yachttogo.com\/he\/wp-json\/wp\/v2\/pages\/3622\/revisions\/36054"}],"wp:featuredmedia":[{"embeddable":true,"href":"https:\/\/www.yachttogo.com\/he\/wp-json\/wp\/v2\/media\/4078"}],"wp:attachment":[{"href":"https:\/\/www.yachttogo.com\/he\/wp-json\/wp\/v2\/media?parent=3622"}],"curies":[{"name":"wp","href":"https:\/\/api.w.org\/{rel}","templated":true}]}}