{"id":5828,"date":"2022-01-15T15:25:51","date_gmt":"2022-01-15T12:25:51","guid":{"rendered":"https:\/\/www.yachttogo.com\/?page_id=5828"},"modified":"2023-07-03T16:29:29","modified_gmt":"2023-07-03T13:29:29","slug":"politique-de-confidentialite","status":"publish","type":"page","link":"https:\/\/www.yachttogo.com\/fr\/privacy-policy\/","title":{"rendered":"Politique de confidentialit\u00e9"},"content":{"rendered":"<div class=\"wpb-content-wrapper\"><div class=\"vc_row wpb_row vc_row-fluid\"><div class=\"wpb_column vc_column_container vc_col-sm-12\"><div class=\"vc_column-inner\"><div class=\"wpb_wrapper\">\n\t<div class=\"wpb_text_column wpb_content_element\" >\n\t\t<div class=\"wpb_wrapper\">\n\t\t\t<h2 class=\"wp-block-heading\">Qui sommes-nous ?<\/h2>\n<p>L'adresse de notre site web est la suivante : https:\/\/www.yachttogo.com.<\/p>\n<p>&nbsp;<\/p>\n<h2 class=\"wp-block-heading\">A propos de YachttoGO<\/h2>\n<p>YachttoGO Nomad Group Yat. Turizm Tekstil San. ve Tic Ltd (YachttoGO.com) aims to integrate all kinds of worldwide boats and luxury yachts into a single platform and was incorporated in England &amp; Wales in 2017 as a reliable community marketplace. You may need a one-day boat, a weekly yacht, or even rent a fleet for sailing, we provide all these over www.<a href=\"https:\/\/www.yachttogo.com\/fr\/\" target=\"_blank\" rel=\"noreferrer noopener\">YachttoGO.com<\/a>\u00a0 in particular the Aegean Sea and Mediterranean, with unique blue cruise and unrivaled price advantages. YachttoGO, with its first-class customer services and increasing user community, enables sea lovers to rent boats from their owners effortlessly.<\/p>\n<p>&nbsp;<\/p>\n<h2 class=\"wp-block-heading\">Commentaires<\/h2>\n<p>Lorsque les visiteurs laissent des commentaires sur le site, nous recueillons les donn\u00e9es figurant dans le formulaire de commentaires, ainsi que l'adresse IP du visiteur et la cha\u00eene de l'agent utilisateur du navigateur afin de faciliter la d\u00e9tection des spams.<\/p>\n<p>Une cha\u00eene anonyme cr\u00e9\u00e9e \u00e0 partir de votre adresse \u00e9lectronique (\u00e9galement appel\u00e9e \"hash\") peut \u00eatre fournie au service Gravatar pour v\u00e9rifier si vous l'utilisez. La politique de confidentialit\u00e9 du service Gravatar est disponible ici : https:\/\/automattic.com\/privacy\/. Apr\u00e8s approbation de votre commentaire, votre photo de profil est visible par le public dans le contexte de votre commentaire.<\/p>\n<p>&nbsp;<\/p>\n<h2 class=\"wp-block-heading\">Les m\u00e9dias<\/h2>\n<p>Si vous t\u00e9l\u00e9chargez des images sur le site web, vous devez \u00e9viter de t\u00e9l\u00e9charger des images contenant des donn\u00e9es de localisation int\u00e9gr\u00e9es (EXIF GPS). Les visiteurs du site web peuvent t\u00e9l\u00e9charger et extraire toutes les donn\u00e9es de localisation des images sur le site web.<\/p>\n<p>&nbsp;<\/p>\n<h2 class=\"wp-block-heading\">Cookies<\/h2>\n<p>If you leave a comment on our site you may opt-in to saving your name, email address, and website in cookies. These are for your convenience so that you do not have to fill in your details again when you leave another comment. These cookies will last for one year.<\/p>\n<p>If you visit our login page, we will set a temporary cookie to determine if your browser accepts cookies. This cookie contains no personal data and is discarded when you close your browser.<\/p>\n<p>When you log in, we will also set up several cookies to save your login information and your screen display choices. Login cookies last for two days, and screen options cookies last for a year. If you select &#8220;Remember Me&#8221;, your login will persist for two weeks. If you log out of your account, the login cookies will be removed.<\/p>\n<p>If you edit or publish an article, an additional cookie will be saved in your browser. This cookie includes no personal data and simply indicates the post ID of the article you just edited. It expires after 1 day.<\/p>\n<p>&nbsp;<\/p>\n<h2 class=\"wp-block-heading\">Contenu int\u00e9gr\u00e9 d'autres sites web<\/h2>\n<p>Les articles de ce site peuvent contenir du contenu int\u00e9gr\u00e9 (par exemple des vid\u00e9os, des images, des articles, etc.). Le contenu int\u00e9gr\u00e9 provenant d'autres sites web se comporte exactement de la m\u00eame mani\u00e8re que si le visiteur avait visit\u00e9 l'autre site web.<\/p>\n<p>These websites may collect data about you, use cookies, embed additional third-party tracking, and monitor your interaction with that embedded content, including tracking your interaction with the embedded content if you have an account and are logged in to that website.<\/p>\n<p>&nbsp;<\/p>\n<h2 class=\"wp-block-heading\">Avec qui partageons-nous vos donn\u00e9es ?<\/h2>\n<p>Si vous demandez une r\u00e9initialisation de votre mot de passe, votre adresse IP sera incluse dans l'e-mail de r\u00e9initialisation.<\/p>\n<p>&nbsp;<\/p>\n<h2 class=\"wp-block-heading\">Dur\u00e9e de conservation des donn\u00e9es<\/h2>\n<p>Si vous laissez un commentaire, celui-ci et ses m\u00e9tadonn\u00e9es sont conserv\u00e9s ind\u00e9finiment. Cela nous permet de reconna\u00eetre et d'approuver automatiquement les commentaires de suivi au lieu de les conserver dans une file d'attente de mod\u00e9ration.<\/p>\n<p>Pour les utilisateurs qui s'inscrivent sur notre site web (le cas \u00e9ch\u00e9ant), nous stockons \u00e9galement les informations personnelles qu'ils fournissent dans leur profil d'utilisateur. Tous les utilisateurs peuvent voir, modifier ou supprimer leurs informations personnelles \u00e0 tout moment (sauf qu'ils ne peuvent pas changer leur nom d'utilisateur). Les administrateurs du site web peuvent \u00e9galement consulter et modifier ces informations.<\/p>\n<p>&nbsp;<\/p>\n<h2 class=\"wp-block-heading\">Quels sont vos droits sur vos donn\u00e9es ?<\/h2>\n<p>f you have an account on this site or have left comments, you can request to receive an exported file of the personal data we hold about you, including any data you have provided to us. You can also request that we erase any personal data we hold about you. This does not include any data we are obliged to keep for administrative, legal, or security purposes.<\/p>\n<p>&nbsp;<\/p>\n<h2 class=\"wp-block-heading\">O\u00f9 envoyons-nous vos donn\u00e9es ?<\/h2>\n<p>Les commentaires des visiteurs peuvent \u00eatre v\u00e9rifi\u00e9s par un service automatis\u00e9 de d\u00e9tection des spams.<\/p>\n<p>&nbsp;<\/p>\n\n\t\t<\/div>\n\t<\/div>\n<\/div><\/div><\/div><\/div><\/div>","protected":false},"excerpt":{"rendered":"Who we are Our website address is: https:\/\/www.yachttogo.com. &nbsp; About YachttoGO YachttoGO Nomad Group Yat. Turizm Tekstil San. ve Tic Ltd (YachttoGO.com) aims to integrate all kinds of worldwide boats and luxury yachts into a single platform and was incorporated in England &amp; Wales in 2017 as a reliable community marketplace. You may need a [...]","protected":false},"author":1,"featured_media":0,"parent":0,"menu_order":0,"comment_status":"closed","ping_status":"closed","template":"","meta":{"footnotes":""},"class_list":["post-5828","page","type-page","status-publish","hentry"],"_links":{"self":[{"href":"https:\/\/www.yachttogo.com\/fr\/wp-json\/wp\/v2\/pages\/5828","targetHints":{"allow":["GET"]}}],"collection":[{"href":"https:\/\/www.yachttogo.com\/fr\/wp-json\/wp\/v2\/pages"}],"about":[{"href":"https:\/\/www.yachttogo.com\/fr\/wp-json\/wp\/v2\/types\/page"}],"author":[{"embeddable":true,"href":"https:\/\/www.yachttogo.com\/fr\/wp-json\/wp\/v2\/users\/1"}],"replies":[{"embeddable":true,"href":"https:\/\/www.yachttogo.com\/fr\/wp-json\/wp\/v2\/comments?post=5828"}],"version-history":[{"count":0,"href":"https:\/\/www.yachttogo.com\/fr\/wp-json\/wp\/v2\/pages\/5828\/revisions"}],"wp:attachment":[{"href":"https:\/\/www.yachttogo.com\/fr\/wp-json\/wp\/v2\/media?parent=5828"}],"curies":[{"name":"wp","href":"https:\/\/api.w.org\/{rel}","templated":true}]}}