{"id":1340,"date":"2018-10-25T17:34:23","date_gmt":"2018-10-25T17:34:23","guid":{"rendered":"http:\/\/wordpress-89239-751427.cloudwaysapps.com\/?page_id=1340"},"modified":"2022-02-05T12:51:39","modified_gmt":"2022-02-05T09:51:39","slug":"nous-contacter","status":"publish","type":"page","link":"https:\/\/www.yachttogo.com\/fr\/contact-us\/","title":{"rendered":"Contactez nous"},"content":{"rendered":"<div class=\"wpb-content-wrapper\"><div class=\"vc_row wpb_row vc_row-fluid\"><div class=\"wpb_column vc_column_container vc_col-sm-12\"><div class=\"vc_column-inner\"><div class=\"wpb_wrapper\"><div style=\"clear:both; width:100%; height:20px\"><\/div><\/div><\/div><\/div><\/div><div class=\"vc_row wpb_row vc_row-fluid\"><div class=\"wpb_column vc_column_container vc_col-sm-7\"><div class=\"vc_column-inner\"><div class=\"wpb_wrapper\">\t\t<div class=\"homey-module module-title section-title-module text-left\">\r\n\t\t\t<h2 >Contactez nous<\/h2>\r\n\r\n\t\t\t<p  class=\"sub-heading\"><\/p>\r\n\t\t<\/div>\r\n\t\t\n\t<div class=\"wpb_text_column wpb_content_element\" >\n\t\t<div class=\"wpb_wrapper\">\n\t\t\t\n\t\t<\/div>\n\t<\/div>\n\n<div class=\"wpcf7 no-js\" id=\"wpcf7-f5867-o1\" lang=\"en-US\" dir=\"ltr\" data-wpcf7-id=\"5867\">\n<div class=\"screen-reader-response\"><p role=\"status\" aria-live=\"polite\" aria-atomic=\"true\"><\/p> <ul><\/ul><\/div>\n<form action=\"\/fr\/wp-json\/wp\/v2\/pages\/1340#wpcf7-f5867-o1\" method=\"post\" class=\"wpcf7-form init\" aria-label=\"Formulaire de contact\" novalidate=\"novalidate\" data-status=\"init\" data-trp-original-action=\"\/fr\/wp-json\/wp\/v2\/pages\/1340#wpcf7-f5867-o1\">\n<fieldset class=\"hidden-fields-container\"><input type=\"hidden\" name=\"_wpcf7\" value=\"5867\" \/><input type=\"hidden\" name=\"_wpcf7_version\" value=\"6.1.5\" \/><input type=\"hidden\" name=\"_wpcf7_locale\" value=\"en_US\" \/><input type=\"hidden\" name=\"_wpcf7_unit_tag\" value=\"wpcf7-f5867-o1\" \/><input type=\"hidden\" name=\"_wpcf7_container_post\" value=\"0\" \/><input type=\"hidden\" name=\"_wpcf7_posted_data_hash\" value=\"\" \/>\n<\/fieldset>\n<p><label> Votre nom<br \/>\n<span class=\"wpcf7-form-control-wrap\" data-name=\"your-name\"><input size=\"40\" maxlength=\"400\" class=\"wpcf7-form-control wpcf7-text wpcf7-validates-as-required\" aria-required=\"true\" aria-invalid=\"false\" value=\"\" type=\"text\" name=\"your-name\" \/><\/span> <\/label>\n<\/p>\n<p><label> Votre email<br \/>\n<span class=\"wpcf7-form-control-wrap\" data-name=\"your-email\"><input size=\"40\" maxlength=\"400\" class=\"wpcf7-form-control wpcf7-email wpcf7-validates-as-required wpcf7-text wpcf7-validates-as-email\" aria-required=\"true\" aria-invalid=\"false\" value=\"\" type=\"email\" name=\"your-email\" \/><\/span> <\/label>\n<\/p>\n<p><label> Sujet<br \/>\n<span class=\"wpcf7-form-control-wrap\" data-name=\"your-subject\"><input size=\"40\" maxlength=\"400\" class=\"wpcf7-form-control wpcf7-text wpcf7-validates-as-required\" aria-required=\"true\" aria-invalid=\"false\" value=\"\" type=\"text\" name=\"your-subject\" \/><\/span> <\/label>\n<\/p>\n<p><label> Votre message (facultatif)<br \/>\n<span class=\"wpcf7-form-control-wrap\" data-name=\"your-message\"><textarea cols=\"40\" rows=\"10\" maxlength=\"2000\" class=\"wpcf7-form-control wpcf7-textarea\" aria-invalid=\"false\" name=\"your-message\"><\/textarea><\/span> <\/label>\n<\/p>\n<p><input class=\"wpcf7-form-control wpcf7-submit has-spinner\" type=\"submit\" value=\"Soumettre\" \/>\n<\/p><div class=\"wpcf7-response-output\" aria-hidden=\"true\"><\/div>\n<input type=\"hidden\" name=\"trp-form-language\" value=\"fr\"\/><\/form>\n<\/div>\n<\/div><\/div><\/div><div class=\"wpb_column vc_column_container vc_col-sm-1\"><div class=\"vc_column-inner\"><div class=\"wpb_wrapper\"><\/div><\/div><\/div><div class=\"wpb_column vc_column_container vc_col-sm-4\"><div class=\"vc_column-inner\"><div class=\"wpb_wrapper\">\n\t<div class=\"wpb_text_column wpb_content_element vc_custom_1619354007851\" >\n\t\t<div class=\"wpb_wrapper\">\n\t\t\t<h3>Bureau de l'entreprise<\/h3>\n<p>\u00c7ar\u015f\u0131 Cad. No.47\/5<br \/>\nGocek, Fethiye, Turquie<\/p>\n\n\t\t<\/div>\n\t<\/div>\n\n\t<div class=\"wpb_text_column wpb_content_element vc_custom_1619354093764\" >\n\t\t<div class=\"wpb_wrapper\">\n\t\t\t<h3>Contact direct<\/h3>\n<p><strong>Mobile<\/strong>: +90 (542) 484 1010<br \/>\n<strong>Sans frais<\/strong>: +90 (850) 303 1 777<br \/>\n<strong>Courriel<\/strong>: office@yachttogo.com<\/p>\n\n\t\t<\/div>\n\t<\/div>\n\n\t<div class=\"wpb_text_column wpb_content_element vc_custom_1540491220897\" >\n\t\t<div class=\"wpb_wrapper\">\n\t\t\t<h3>D\u00e9partement des entreprises<\/h3>\n<p>Pour contacter notre \u00e9quipe, veuillez s\u00e9lectionner l'une des options suivantes :<\/p>\n<p><a href=\"#\">Vente<\/a><br \/>\n<a href=\"#\">Carri\u00e8res<\/a><br \/>\n<a href=\"#\">Les litiges<\/a><br \/>\n<a href=\"#\">Aide<\/a><\/p>\n\n\t\t<\/div>\n\t<\/div>\n<\/div><\/div><\/div><\/div><div class=\"vc_row wpb_row vc_row-fluid\"><div class=\"wpb_column vc_column_container vc_col-sm-12\"><div class=\"vc_column-inner\"><div class=\"wpb_wrapper\"><div style=\"clear:both; width:100%; height:50px\"><\/div><\/div><\/div><\/div><\/div>\n<\/div>","protected":false},"excerpt":{"rendered":"Contact us Your name Your email Subject Your message (optional) Corporate Office \u00c7ar\u015f\u0131 Cad. No.47\/5 Gocek, Fethiye, Turkey Direct Contact Mobile: +90 (542) 484 1010 Toll-Free: +90 (850) 303 1 777 Email: office@yachttogo.com Company Deparment To contact our team, please select one of the following: Sales Careers Disputes Help","protected":false},"author":1,"featured_media":0,"parent":0,"menu_order":0,"comment_status":"closed","ping_status":"closed","template":"template\/template-homepage.php","meta":{"footnotes":""},"class_list":["post-1340","page","type-page","status-publish","hentry"],"_links":{"self":[{"href":"https:\/\/www.yachttogo.com\/fr\/wp-json\/wp\/v2\/pages\/1340","targetHints":{"allow":["GET"]}}],"collection":[{"href":"https:\/\/www.yachttogo.com\/fr\/wp-json\/wp\/v2\/pages"}],"about":[{"href":"https:\/\/www.yachttogo.com\/fr\/wp-json\/wp\/v2\/types\/page"}],"author":[{"embeddable":true,"href":"https:\/\/www.yachttogo.com\/fr\/wp-json\/wp\/v2\/users\/1"}],"replies":[{"embeddable":true,"href":"https:\/\/www.yachttogo.com\/fr\/wp-json\/wp\/v2\/comments?post=1340"}],"version-history":[{"count":0,"href":"https:\/\/www.yachttogo.com\/fr\/wp-json\/wp\/v2\/pages\/1340\/revisions"}],"wp:attachment":[{"href":"https:\/\/www.yachttogo.com\/fr\/wp-json\/wp\/v2\/media?parent=1340"}],"curies":[{"name":"wp","href":"https:\/\/api.w.org\/{rel}","templated":true}]}}