{"id":3628,"date":"2018-10-25T16:44:28","date_gmt":"2018-10-25T16:44:28","guid":{"rendered":"http:\/\/wordpress-89239-751689.cloudwaysapps.com\/?page_id=1328"},"modified":"2026-03-22T16:43:45","modified_gmt":"2026-03-22T13:43:45","slug":"haufig-gestellte-fragen-2","status":"publish","type":"page","link":"https:\/\/www.yachttogo.com\/de\/frequently-asked-questions-2\/","title":{"rendered":"FAQ"},"content":{"rendered":"<div class=\"wpb-content-wrapper\"><div class=\"vc_row wpb_row vc_row-fluid\"><div class=\"wpb_column vc_column_container vc_col-sm-12\"><div class=\"vc_column-inner\"><div class=\"wpb_wrapper\">\n\t<div class=\"wpb_text_column wpb_content_element\" >\n\t\t<div class=\"wpb_wrapper\">\n\t\t\t<div>\n<div>\n<h2><strong>Entdecken Sie YachttoGO und unsere Flotte<\/strong><\/h2>\n<\/div>\n<\/div>\n\n\t\t<\/div>\n\t<\/div>\n<div  class=\"vc_do_toggle vc_toggle vc_toggle_default vc_toggle_color_default  vc_toggle_size_md\"><div class=\"vc_toggle_title\"><h4>Welche Arten von Yachten sind auf YachttoGO aufgelistet?<\/h4><i class=\"vc_toggle_icon\"><\/i><\/div><div class=\"vc_toggle_content\"><p><strong>Vielf\u00e4ltige Privatyachten zum Chartern rund um die Welt<\/strong><br \/>\n<a href=\"https:\/\/www.yachttogo.com\/de\/bootstyp\/privater-yachtcharter\/\" target=\"_blank\" rel=\"noopener\">Luxus-Charter-Yachten<\/a>: Erleben Sie tadellosen Service und VIP-Annehmlichkeiten.<br \/>\n<a href=\"https:\/\/www.yachttogo.com\/de\/typ\/katamaran-charter\/\" target=\"_blank\" rel=\"noopener\">Ger\u00e4umige Katamarane<\/a>: Ideal f\u00fcr Familien und Gruppen, die ultimativen Komfort und Stabilit\u00e4t suchen.<br \/>\n<a href=\"https:\/\/www.yachttogo.com\/de\/typ\/segelyacht-charter-vermietung\/\" target=\"_blank\" rel=\"noopener\">Segelyachten<\/a>: Werden Sie Ihr eigener Kapit\u00e4n und bestimmen Sie Ihren eigenen Kurs.<br \/>\n<a href=\"https:\/\/www.yachttogo.com\/de\/typ\/motoryacht-charter\/\" target=\"_blank\" rel=\"noopener\">Motorjachten<\/a>: Genie\u00dfen Sie Geschwindigkeit, Kraft und moderne Finesse.<br \/>\n<a href=\"https:\/\/www.yachttogo.com\/de\/typ\/gulet-charter\/\" target=\"_blank\" rel=\"noopener\">Traditionelle Gulets<\/a>: Entdecken Sie den authentischen Charme einer T\u00fcrkischen Blauen Kreuzfahrt auf einem Gulet mit Besatzung.<\/p>\n<p>Sie haben die Wahl: Entscheiden Sie sich f\u00fcr eine Luxusyacht, eine Yacht mit Besatzung oder ein Bareboat, auf dem Sie Ihr eigener Kapit\u00e4n am Zielort sind. Von kleineren Charterbooten bis hin zu gro\u00dfen Luxusgulets oder Superyachten bieten wir Ihnen fundierte Kenntnisse, damit Sie das perfekte Schiff chartern k\u00f6nnen.<\/p>\n<\/div><\/div><div  class=\"vc_do_toggle vc_toggle vc_toggle_default vc_toggle_color_default  vc_toggle_size_md\"><div class=\"vc_toggle_title\"><h4>Welche Art von Yachtcharter suchen Sie?<\/h4><i class=\"vc_toggle_icon\"><\/i><\/div><div class=\"vc_toggle_content\"><p><strong>Ein privater Yachtcharter, ein Yachtcharter mit Crew oder ein Bareboat-Charter?<\/strong><br \/>\nErkunden Sie <a href=\"https:\/\/www.yachttogo.com\/de\/boote-yachten-2\/\" target=\"_blank\" rel=\"noopener\">Luxusyachten zum Chartern<\/a> und finden Sie exklusive Angebote auf unserer Plattform. Kostenlose Beratung: Sagen Sie uns, welche Reiseroute Sie w\u00fcnschen.<\/p>\n<p><strong>Der ultimative Luxus-Yachtcharter-Urlaub<\/strong><br \/>\nGenie\u00dfen Sie den tadellosen Service, die Gourmetk\u00fcche und die auf Ihre W\u00fcnsche zugeschnittenen Reisepl\u00e4ne mit einem <a href=\"https:\/\/www.yachttogo.com\/de\/bootstyp\/yachtcharter-mit-besatzung\/\" target=\"_blank\" rel=\"noopener\">Yachtcharter mit Crew<\/a>. \u00dcberlassen Sie es erfahrenen Chartermaklern und Crews, sich um jedes Detail zu k\u00fcmmern, w\u00e4hrend Sie sich entspannen und atemberaubende Reiseziele weltweit erkunden.<\/p>\n<\/div><\/div><div  class=\"vc_do_toggle vc_toggle vc_toggle_default vc_toggle_color_default  vc_toggle_size_md\"><div class=\"vc_toggle_title\"><h4>Suchen Sie eine Bareboat-Vermietung f\u00fcr einen Segelurlaub?<\/h4><i class=\"vc_toggle_icon\"><\/i><\/div><div class=\"vc_toggle_content\"><p>Wenn Sie auf der Suche nach einem <a href=\"https:\/\/www.yachttogo.com\/de\/bootstyp\/bareboat-vermietung\/\" target=\"_blank\" rel=\"noopener\">Bareboat-Vermietung<\/a> f\u00fcr einen Segelurlaub, ist YachttoGO die ultimative Wahl. Sie k\u00f6nnen Ihren Segelurlaub direkt bei den Eigent\u00fcmern finden und buchen und wissen, dass Sie den bestm\u00f6glichen Wert erhalten.<\/p>\n<p>Bei YachttoGO finden Sie Hunderte von erstklassigen Mietbooten f\u00fcr Fahrten in der \u00c4g\u00e4is und im Mittelmeer. Jetzt k\u00f6nnen Sie die besten Yachting-Destinationen, Yachth\u00e4fen und Buchten in der T\u00fcrkei (Marmaris, Bodrum, Fethiye, Gocek), Kroatien, Griechenland und mehr entdecken.<\/p>\n<\/div><\/div><div  class=\"vc_do_toggle vc_toggle vc_toggle_default vc_toggle_color_default  vc_toggle_size_md\"><div class=\"vc_toggle_title\"><h4>Warum YachttoGO f\u00fcr Ihren privaten Yachtcharter-Urlaub w\u00e4hlen?<\/h4><i class=\"vc_toggle_icon\"><\/i><\/div><div class=\"vc_toggle_content\"><p>Es gibt viele Gr\u00fcnde, YachttoGO zu w\u00e4hlen, wenn Sie ein Schiff chartern <a href=\"https:\/\/www.yachttogo.com\/de\/bootstyp\/privater-yachtcharter\/\" target=\"_blank\" rel=\"noopener\">Privatyacht<\/a>. Wir bieten eine erlesene Auswahl an privaten Charteryachten, Superyachten, Bareboat-Segelyachten und <a href=\"https:\/\/www.yachttogo.com\/de\/typ\/gulet-charter\/\" target=\"_blank\" rel=\"noopener\">Luxusgulets<\/a> \u00fcber Premium-Destinationen:<\/p>\n<ul>\n<li><strong>Truthahn:<\/strong> Fahren Sie entlang der t\u00fcrkisfarbenen K\u00fcste um Marmaris, Bodrum, G\u00f6cek und Fethiye.<\/li>\n<li><strong>Griechenland:<\/strong> Machen Sie einen Inselh\u00fcpfer durch die \u00c4g\u00e4is und entdecken Sie malerische D\u00f6rfer.<\/li>\n<li><strong>Kroatien:<\/strong> Erleben Sie die atemberaubende Sch\u00f6nheit der dalmatinischen K\u00fcste.<\/li>\n<li><strong>Dubai:<\/strong> Kombinieren Sie unvergleichlichen Luxus und futuristische Skylines.<\/li>\n<\/ul>\n<p>Wir bieten \u00e4u\u00dferst wettbewerbsf\u00e4hige Preise, transparente Chartergeb\u00fchren und einen direkten Kontakt zu den Yachteigent\u00fcmern, um eine reibungslose Buchung zu erm\u00f6glichen.<\/p>\n<\/div><\/div><div  class=\"vc_do_toggle vc_toggle vc_toggle_default vc_toggle_color_default  vc_toggle_size_md\"><div class=\"vc_toggle_title\"><h4>Welche Arten von Wassersport und Spielzeug sind aufgelistet?<\/h4><i class=\"vc_toggle_icon\"><\/i><\/div><div class=\"vc_toggle_content\"><p>Tauchen Sie ein in ein luxuri\u00f6ses Chartererlebnis mit hochmodernen Unterhaltungssystemen und aufregenden Wasserspielzeugen wie Jetskis, schnittigen Seabobs und verspielten Seescootern, die Sie \u00fcber unsere <a href=\"https:\/\/www.yachttogo.com\/de\/erlebnisse-heimat\/\" target=\"_blank\" rel=\"noopener\">Erfahrungen<\/a> Abschnitt.<\/p>\n<p>Nach einem Tag voller Meeresabenteuer k\u00f6nnen Sie unter dem Sternenhimmel speisen oder in der Ruhe des Mondscheins entspannen. <a href=\"https:\/\/www.yachttogo.com\/de\/kontaktiere-uns\/\" target=\"_blank\" rel=\"noopener\">Kontaktiere uns<\/a> f\u00fcr Ihre speziellen Unterhaltungsw\u00fcnsche.<\/p>\n<\/div><\/div><div class=\"vc_separator wpb_content_element vc_separator_align_center vc_sep_width_100 vc_sep_dotted vc_sep_pos_align_center vc_separator_no_text vc_custom_1540486621384 wpb_content_element  vc_custom_1540486621384 wpb_content_element\" ><span class=\"vc_sep_holder vc_sep_holder_l\"><span style=\"border-color:#d8dce1;\" class=\"vc_sep_line\"><\/span><\/span><span class=\"vc_sep_holder vc_sep_holder_r\"><span style=\"border-color:#d8dce1;\" class=\"vc_sep_line\"><\/span><\/span>\n<\/div><\/div><\/div><\/div><\/div><div class=\"vc_row wpb_row vc_row-fluid\"><div class=\"wpb_column vc_column_container vc_col-sm-12\"><div class=\"vc_column-inner\"><div class=\"wpb_wrapper\">\n\t<div class=\"wpb_text_column wpb_content_element\" >\n\t\t<div class=\"wpb_wrapper\">\n\t\t\t<div>\n<div>\n<h2><strong>Allgemeine FAQs<\/strong><\/h2>\n<\/div>\n<\/div>\n\n\t\t<\/div>\n\t<\/div>\n<div id=\"1457563354555-9215d732-d143\" class=\"vc_do_toggle vc_toggle vc_toggle_default vc_toggle_color_default  vc_toggle_size_md\"><div class=\"vc_toggle_title\"><h4>Wie funktioniert YachttoGO?<\/h4><i class=\"vc_toggle_icon\"><\/i><\/div><div class=\"vc_toggle_content\"><p>YachttoGO ist eine Premium-Plattform, die Kunden, die exklusive Erlebnisse auf dem Wasser suchen, mit Premium-Schiffseignern verbindet. Es ist ganz einfach, folgen Sie einfach diesen Schritten:<br \/>\n\u2981 Kunden besuchen <a href=\"https:\/\/www.yachttogo.com\/de\/\">www.yachttogo.com<\/a> zum Suchen und Buchen von Luxusyachten und -booten nach Reiseziel.<br \/>\n\u2981 Auf der Grundlage der Suche wird eine kuratierte Liste der verf\u00fcgbaren Schiffe angezeigt.<br \/>\n\u2981 Kunden richten ihre Anfragen direkt an die Schiffseigner, indem sie auf die Schaltfl\u00e4chen \u201cJetzt buchen\u201d oder \u201cGastgeber kontaktieren\u201d klicken.<br \/>\n\u2981 Der Eigent\u00fcmer wird Ihnen ein Angebot mit den entsprechenden Angaben unterbreiten.<br \/>\n\u2981 Wenn der Kunde das Angebot annimmt, wird seine Kreditkarte mit einer Vorauszahlung von 50% belastet, um die Buchung zu sichern. Beide Parteien erhalten eine Best\u00e4tigungs-E-Mail und k\u00f6nnen sich direkt miteinander in Verbindung setzen.<\/p>\n<\/div><\/div><div id=\"1457629903915-f4fbdb9a-385a\" class=\"vc_do_toggle vc_toggle vc_toggle_default vc_toggle_color_default  vc_toggle_size_md\"><div class=\"vc_toggle_title\"><h4>Ist YachttoGO eine sichere Plattform?<\/h4><i class=\"vc_toggle_icon\"><\/i><\/div><div class=\"vc_toggle_content\"><p>Unbedingt. Wir haben strenge Protokolle implementiert und nutzen modernste Online-Zahlungsgateways, um die gr\u00f6\u00dftm\u00f6gliche Sicherheit der Finanzdaten unserer Kunden zu gew\u00e4hrleisten. Unsere Plattform entspricht den h\u00f6chsten internationalen Sicherheitsstandards.<\/p>\n<\/div><\/div><div id=\"1457629903405-ea10c05d-bbf1\" class=\"vc_do_toggle vc_toggle vc_toggle_default vc_toggle_color_default  vc_toggle_size_md\"><div class=\"vc_toggle_title\"><h4>Wie und wann werden Kunden f\u00fcr eine Buchung belastet?<\/h4><i class=\"vc_toggle_icon\"><\/i><\/div><div class=\"vc_toggle_content\"><p>YachttoGO verwendet ein hochsicheres Zahlungs-Gateway eines Drittanbieters, um Transaktionen zu verarbeiten. Sobald ein Eigner ein individuelles Preisangebot erstellt hat, kann der Kunde die Reservierung best\u00e4tigen, indem er sie annimmt.<br \/>\nBei der Annahme wird die Kreditkarte des Kunden mit einer Vorauszahlung von 50% belastet, um das Schiff offiziell zu sichern. Bitte beachten Sie, dass YachttoGO keine Teilzahlungen oder mehrere Kreditkarten f\u00fcr eine einzige Transaktion verarbeitet. Kautionen werden nur nach dem Charter bearbeitet, falls zutreffend.<\/p>\n<\/div><\/div><div id=\"1457629903806-1bdd8e50-4baa\" class=\"vc_do_toggle vc_toggle vc_toggle_default vc_toggle_color_default  vc_toggle_size_md\"><div class=\"vc_toggle_title\"><h4>Wann erhalte ich die Kontaktinformationen des Eigent\u00fcmers oder Charterers?<\/h4><i class=\"vc_toggle_icon\"><\/i><\/div><div class=\"vc_toggle_content\"><p>Kontaktinformationen bleiben privat und gesperrt, bis eine Reservierung offiziell genehmigt ist, um Ihre Sicherheit zu gew\u00e4hrleisten und Sie vor unbefugten Parteien zu sch\u00fctzen. Die Durchf\u00fchrung einer Buchung au\u00dferhalb von YachttoGO verst\u00f6\u00dft gegen unsere Nutzungsbedingungen und gef\u00e4hrdet Ihre Sicherheit. Sobald eine Buchung genehmigt und die Vorauszahlung abgeschlossen ist, erhalten Sie vollen Zugriff auf die Kontaktinformationen.<\/p>\n<\/div><\/div><div class=\"vc_separator wpb_content_element vc_separator_align_center vc_sep_width_100 vc_sep_dotted vc_sep_pos_align_center vc_separator_no_text vc_custom_1540486621384 wpb_content_element  vc_custom_1540486621384 wpb_content_element\" ><span class=\"vc_sep_holder vc_sep_holder_l\"><span style=\"border-color:#d8dce1;\" class=\"vc_sep_line\"><\/span><\/span><span class=\"vc_sep_holder vc_sep_holder_r\"><span style=\"border-color:#d8dce1;\" class=\"vc_sep_line\"><\/span><\/span>\n<\/div><\/div><\/div><\/div><\/div><div class=\"vc_row wpb_row vc_row-fluid\"><div class=\"wpb_column vc_column_container vc_col-sm-12\"><div class=\"vc_column-inner\"><div class=\"wpb_wrapper\">\n\t<div class=\"wpb_text_column wpb_content_element\" >\n\t\t<div class=\"wpb_wrapper\">\n\t\t\t<div>\n<div>\n<div>\n<h2><strong>Konto-FAQs<\/strong><\/h2>\n<\/div>\n<\/div>\n<\/div>\n\n\t\t<\/div>\n\t<\/div>\n<div id=\"1457564614680-0f2cb9e8-eaaf\" class=\"vc_do_toggle vc_toggle vc_toggle_default vc_toggle_color_default  vc_toggle_size_md\"><div class=\"vc_toggle_title\"><h4>Wie kann ich mein Konto mit Facebook, Google oder LinkedIn verbinden?<\/h4><i class=\"vc_toggle_icon\"><\/i><\/div><div class=\"vc_toggle_content\"><p>Eine m\u00fchelose M\u00f6glichkeit, Ihr YachttoGO-Login zu erstellen, ist die Option \u201cAnmeldung mit Facebook, Google oder LinkedIn\u201d. Wenn Sie bereits ein Konto erstellt haben, navigieren Sie zu <strong>Profil bearbeiten &gt; Vertrauen und Verifizierung<\/strong>. Hier finden Sie die Optionen, um Ihre bevorzugten Konten sicher zu verbinden.<\/p>\n<\/div><\/div><div id=\"1457563269545-df1d9b94-9d5e\" class=\"vc_do_toggle vc_toggle vc_toggle_default vc_toggle_color_default  vc_toggle_size_md\"><div class=\"vc_toggle_title\"><h4>Wie kann ich mich f\u00fcr YachttoGO anmelden?<\/h4><i class=\"vc_toggle_icon\"><\/i><\/div><div class=\"vc_toggle_content\"><p>Der Beitritt zu unserer exklusiven Community ist einfach und kostenlos:<\/p>\n<ol>\n<li>Gehe zu <a href=\"https:\/\/www.yachttogo.com\/de\/\">www.yachttogo.com<\/a> und klicken Sie auf den Link \u201cAnmelden\u201d.<\/li>\n<li>Geben Sie die erforderlichen Einzelheiten an.<\/li>\n<li>Zustimmen zu unserem <a href=\"https:\/\/www.yachttogo.com\/de\/terms-and-conditions\/\">Nutzungsbedingungen<\/a>.<\/li>\n<\/ol>\n<\/div><\/div><div id=\"1457564659743-c02f10f0-44cd\" class=\"vc_do_toggle vc_toggle vc_toggle_default vc_toggle_color_default  vc_toggle_size_md\"><div class=\"vc_toggle_title\"><h4>Wie kann ich mein Passwort zur\u00fccksetzen?<\/h4><i class=\"vc_toggle_icon\"><\/i><\/div><div class=\"vc_toggle_content\"><p>Wenn Sie Ihr Passwort zur\u00fccksetzen m\u00fcssen:<\/p>\n<ol>\n<li>W\u00e4hlen Sie auf der Anmeldeseite den Link \u201cPasswort vergessen\u201d.<\/li>\n<li>Geben Sie die mit Ihrem YachttoGO-Konto verkn\u00fcpfte E-Mail-Adresse ein und klicken Sie auf \u201cReset-Link senden\u201d.<\/li>\n<li>Pr\u00fcfen Sie Ihren E-Mail-Posteingang auf eine Nachricht von office@yachttogo.com.<\/li>\n<li>Melden Sie sich mit den tempor\u00e4ren Anmeldedaten an und setzen Sie ein neues Passwort in Ihrem Dashboard.<\/li>\n<\/ol>\n<\/div><\/div><div id=\"1457563413051-53682728-2bbe\" class=\"vc_do_toggle vc_toggle vc_toggle_default vc_toggle_color_default  vc_toggle_size_md\"><div class=\"vc_toggle_title\"><h4>Wie \u00fcberpr\u00fcfe ich meine pers\u00f6nlichen Kontaktinformationen?<\/h4><i class=\"vc_toggle_icon\"><\/i><\/div><div class=\"vc_toggle_content\"><p>Um Ihre Handynummer zu \u00fcberpr\u00fcfen, navigieren Sie zu <strong>Profil &gt; Vertrauen und Verifizierung &gt; Weitere Verifizierungen hinzuf\u00fcgen<\/strong>. Geben Sie Ihre Telefonnummer ein und klicken Sie auf \u201cPer SMS verifizieren\u201d. Sie erhalten dann einen 4-stelligen Code. Um Ihre E-Mail zu \u00fcberpr\u00fcfen, suchen Sie in Ihrem Posteingang nach dem Best\u00e4tigungslink und klicken Sie auf \u201cE-Mail best\u00e4tigen\u201d.<\/p>\n<\/div><\/div><div class=\"vc_separator wpb_content_element vc_separator_align_center vc_sep_width_100 vc_sep_dotted vc_sep_pos_align_center vc_separator_no_text vc_custom_1540486621384 wpb_content_element  vc_custom_1540486621384 wpb_content_element\" ><span class=\"vc_sep_holder vc_sep_holder_l\"><span style=\"border-color:#d8dce1;\" class=\"vc_sep_line\"><\/span><\/span><span class=\"vc_sep_holder vc_sep_holder_r\"><span style=\"border-color:#d8dce1;\" class=\"vc_sep_line\"><\/span><\/span>\n<\/div><\/div><\/div><\/div><\/div><div class=\"vc_row wpb_row vc_row-fluid\"><div class=\"wpb_column vc_column_container vc_col-sm-12\"><div class=\"vc_column-inner\"><div class=\"wpb_wrapper\">\n\t<div class=\"wpb_text_column wpb_content_element\" >\n\t\t<div class=\"wpb_wrapper\">\n\t\t\t<div>\n<div>\n<div>\n<h2><strong>FAQs f\u00fcr Charterer<\/strong><\/h2>\n<\/div>\n<\/div>\n<\/div>\n\n\t\t<\/div>\n\t<\/div>\n<div  class=\"vc_do_toggle vc_toggle vc_toggle_default vc_toggle_color_default  vc_toggle_size_md\"><div class=\"vc_toggle_title\"><h4>Wie \u00fcberpr\u00fcfe ich meine Identit\u00e4t?<\/h4><i class=\"vc_toggle_icon\"><\/i><\/div><div class=\"vc_toggle_content\"><p>Um eine hochgradig vertrauensw\u00fcrdige Gemeinschaft aufrechtzuerhalten, wendet YachttoGO ein strenges Verifizierungsverfahren an. Navigieren Sie zu <strong>Profil &gt; Vertrauen und Verifizierung &gt; Verifizieren Sie Ihre ID<\/strong>. W\u00e4hlen Sie Ihren ID-Typ, laden Sie ein sicheres Bild hoch, und klicken Sie auf <strong>\u00dcberpr\u00fcfen Sie mich<\/strong>.<\/p>\n<\/div><\/div><div  class=\"vc_do_toggle vc_toggle vc_toggle_default vc_toggle_color_default  vc_toggle_size_md\"><div class=\"vc_toggle_title\"><h4>Wie bezahle ich f\u00fcr meinen Yachtcharter?<\/h4><i class=\"vc_toggle_icon\"><\/i><\/div><div class=\"vc_toggle_content\"><p>Wenn Sie eine Luxusyacht mit YachttoGO buchen, haben Sie sichere Zahlungsoptionen, einschlie\u00dflich Kreditkarte und autorisierte Bank\u00fcberweisungen. Sobald der Schiffseigner Ihre Charteranfrage genehmigt hat, fahren Sie mit der Kaufabwicklung fort, indem Sie auf <strong>Zahlung vornehmen<\/strong>.<\/p>\n<\/div><\/div><div  class=\"vc_do_toggle vc_toggle vc_toggle_default vc_toggle_color_default  vc_toggle_size_md\"><div class=\"vc_toggle_title\"><h4>Wie verwende ich einen Promo-Code?<\/h4><i class=\"vc_toggle_icon\"><\/i><\/div><div class=\"vc_toggle_content\"><p>Wenn Sie einen g\u00fcltigen Promo-Code oder VIP-Gutschein besitzen, geben Sie ihn w\u00e4hrend des Bestellvorgangs in das Feld \u201cHaben Sie einen Promo-Code?\u201d ein und klicken Sie auf <strong>Anwenden<\/strong> bevor Sie Ihre Transaktion abschlie\u00dfen.<\/p>\n<\/div><\/div><div  class=\"vc_do_toggle vc_toggle vc_toggle_default vc_toggle_color_default  vc_toggle_size_md\"><div class=\"vc_toggle_title\"><h4>Wie hoch ist die YachttoGO-Servicegeb\u00fchr f\u00fcr G\u00e4ste?<\/h4><i class=\"vc_toggle_icon\"><\/i><\/div><div class=\"vc_toggle_content\"><p>YachttoGO erhebt eine \u00e4u\u00dferst wettbewerbsf\u00e4hige Servicegeb\u00fchr von 10% f\u00fcr Charterer. Diese Geb\u00fchr erm\u00f6glicht es uns, Transaktionen sicher zu verarbeiten, einen erstklassigen Betrugsschutz zu implementieren und einen 24\/7-VIP-Kundensupport anzubieten.<\/p>\n<\/div><\/div><div  class=\"vc_do_toggle vc_toggle vc_toggle_default vc_toggle_color_default  vc_toggle_size_md\"><div class=\"vc_toggle_title\"><h4>Fallen Transaktionsgeb\u00fchren an?<\/h4><i class=\"vc_toggle_icon\"><\/i><\/div><div class=\"vc_toggle_content\"><p>Bei der Abwicklung von internationalen Standardzahlungen kann eine Standardgeb\u00fchr von 3% f\u00fcr Geldtransaktionen anfallen, die zur Deckung der Kosten f\u00fcr das sichere Bank-Gateway verwendet wird.<\/p>\n<\/div><\/div><div  class=\"vc_do_toggle vc_toggle vc_toggle_default vc_toggle_color_default  vc_toggle_size_md\"><div class=\"vc_toggle_title\"><h4>Kann ich mit jeder beliebigen W\u00e4hrung bezahlen?<\/h4><i class=\"vc_toggle_icon\"><\/i><\/div><div class=\"vc_toggle_content\"><p>Ja, YachttoGO akzeptiert die wichtigsten globalen W\u00e4hrungen, die sicher \u00fcber unsere internationalen Zahlungsgateways abgewickelt werden. Die \u00fcblichen W\u00e4hrungsumrechnungskurse k\u00f6nnen je nach Ihrer Bank gelten.<\/p>\n<\/div><\/div><\/div><\/div><\/div><\/div><div class=\"vc_row wpb_row vc_row-fluid\"><div class=\"wpb_column vc_column_container vc_col-sm-12\"><div class=\"vc_column-inner\"><div class=\"wpb_wrapper\">\n\t<div class=\"wpb_text_column wpb_content_element\" >\n\t\t<div class=\"wpb_wrapper\">\n\t\t\t<div>\n<div>\n<div>\n<h2><strong>FAQs f\u00fcr Eigent\u00fcmer<\/strong><\/h2>\n<\/div>\n<\/div>\n<\/div>\n\n\t\t<\/div>\n\t<\/div>\n<div  class=\"vc_do_toggle vc_toggle vc_toggle_default vc_toggle_color_default  vc_toggle_size_md\"><div class=\"vc_toggle_title\"><h4>Was ist Sofortbuchung?<\/h4><i class=\"vc_toggle_icon\"><\/i><\/div><div class=\"vc_toggle_content\"><p>Sofortige Buchung ist der effizienteste Weg, um Chartertermine zu sichern! Wenn diese Funktion aktiviert ist, k\u00f6nnen G\u00e4ste die Anfragephase umgehen und sich ihre Termine sofort sichern. Ihr Eintrag wird mit einem Blitzsymbol versehen.<br \/>\n<strong>Wie aktiviere ich die Sofortbuchung?<\/strong><br \/>\nIhr Schiff muss die folgenden Kriterien erf\u00fcllen:<\/p>\n<ul>\n<li>Ein aktualisierter Kalender (innerhalb der letzten 30 Tage)<\/li>\n<li>Mindestens eine erfolgreich abgeschlossene Charter<\/li>\n<li>Umfassende Hausordnung<\/li>\n<\/ul>\n<p>Wenn Sie qualifiziert sind, navigieren Sie zu <strong>Ihre Inserate &gt; Inserate und Kalender verwalten &gt; Preise &gt; Sofort buchen<\/strong>.<\/p>\n<\/div><\/div><div  class=\"vc_do_toggle vc_toggle vc_toggle_default vc_toggle_color_default  vc_toggle_size_md\"><div class=\"vc_toggle_title\"><h4>Wie kann ich meinen Kalender aktualisieren oder synchronisieren?<\/h4><i class=\"vc_toggle_icon\"><\/i><\/div><div class=\"vc_toggle_content\"><p>Das F\u00fchren eines genauen Kalenders ist unerl\u00e4sslich. Um die Verf\u00fcgbarkeit manuell anzupassen, navigieren Sie zu <strong>Ihre Inserate &gt; Inserat und Kalender verwalten &gt; Kalender<\/strong>.<br \/>\nUm mit externen Kalendern (Google\/Outlook) zu synchronisieren, klicken Sie auf \u201cKalender exportieren\u201d, um eine spezielle URL zu generieren, und f\u00fcgen Sie diese dann zu Ihrer bevorzugten Kalender-App hinzu, um Doppelbuchungen zu vermeiden.<\/p>\n<\/div><\/div><div  class=\"vc_do_toggle vc_toggle vc_toggle_default vc_toggle_color_default  vc_toggle_size_md\"><div class=\"vc_toggle_title\"><h4>Wie kann ich Buchungsanfragen genehmigen oder ablehnen?<\/h4><i class=\"vc_toggle_icon\"><\/i><\/div><div class=\"vc_toggle_content\"><p>Wenn Sie eine Anfrage erhalten, wird eine Benachrichtigung auf Ihrem Dashboard angezeigt. Sie haben drei Optionen:<\/p>\n<ol>\n<li><strong>Vorab genehmigen:<\/strong> Akzeptieren Sie die Buchung, um mit der Zahlung fortzufahren.<\/li>\n<li><strong>Niedergang:<\/strong> Lehnen Sie h\u00f6flich ab, wenn keine Termine verf\u00fcgbar sind oder die Anfrage nicht Ihren Kriterien entspricht.<\/li>\n<li><strong>Senden Sie ein Angebot:<\/strong> Kontern Sie mit einer ma\u00dfgeschneiderten Reiseroute oder einem ma\u00dfgeschneiderten Preisangebot.<\/li>\n<\/ol>\n<\/div><\/div><div  class=\"vc_do_toggle vc_toggle vc_toggle_default vc_toggle_color_default  vc_toggle_size_md\"><div class=\"vc_toggle_title\"><h4>Was ist die YachttoGO-Kommission f\u00fcr Eigner?<\/h4><i class=\"vc_toggle_icon\"><\/i><\/div><div class=\"vc_toggle_content\"><p>Wir sch\u00e4tzen unsere Flottenpartner. YachttoGO arbeitet mit einer \u00e4u\u00dferst wettbewerbsf\u00e4higen, eigent\u00fcmerfreundlichen Provisionsstruktur von nur 10% pro erfolgreicher Charter, die sicherstellt, dass Sie den maximalen Wert behalten und gleichzeitig weltweit bekannt werden.<\/p>\n<\/div><\/div><div  class=\"vc_do_toggle vc_toggle vc_toggle_default vc_toggle_color_default  vc_toggle_size_md\"><div class=\"vc_toggle_title\"><h4>Was bietet YachttoGO Bootsbesitzern?<\/h4><i class=\"vc_toggle_icon\"><\/i><\/div><div class=\"vc_toggle_content\"><p><strong>Inserieren Sie Ihre Charteryachten oder Bareboats bei YachttoGO<\/strong><br \/>\nWenn Sie Ihre Luxusyacht chartern oder Ihr Bareboat mieten m\u00f6chten, k\u00f6nnen Sie bei YachttoGO vor Anker gehen. Unsere Plattform funktioniert einwandfrei f\u00fcr Eigner: Sie stellen Ihre Yachten ein und wir sorgen daf\u00fcr, dass sie f\u00fcr ein globales Publikum aus verm\u00f6genden Privatpersonen und Segelenthusiasten sichtbar sind. Wir ziehen eine gro\u00dfe Anzahl internationaler Besucher an, unter anderem aus Deutschland, den USA, Gro\u00dfbritannien, Russland, Katar und den Vereinigten Arabischen Emiraten.<\/p>\n<\/div><\/div><div  class=\"vc_do_toggle vc_toggle vc_toggle_default vc_toggle_color_default  vc_toggle_size_md\"><div class=\"vc_toggle_title\"><h4>Was passiert, wenn ein Schiff eine St\u00f6rung hat?<\/h4><i class=\"vc_toggle_icon\"><\/i><\/div><div class=\"vc_toggle_content\"><p>Tritt bei einem Schiff ein mechanischer Defekt auf, bevor es gechartert wurde, muss sich der Eigner unverz\u00fcglich mit <a href=\"https:\/\/www.yachttogo.com\/de\/kontaktiere-uns\/\" target=\"_blank\" rel=\"noopener\">YachttoGO-Unterst\u00fctzung<\/a> die Buchung zu stornieren, dem Gast den vollen Betrag zu erstatten oder ihn umzubuchen und den Betriebsstatus des Schiffes zu aktualisieren.<\/p>\n<\/div><\/div><\/div><\/div><\/div><\/div>\n<\/div>","protected":false},"excerpt":{"rendered":"Discover YachttoGO &amp; Our Fleet What Types of Yachts Are Listed on YachttoGO?Diversity of Private Yachts for Charter Around the World Luxury Charter Yachts: Experience impeccable service and VIP amenities. Spacious Catamarans: Perfect for families and groups seeking ultimate comfort and stability. Sailing Yachts: Become your own captain and chart your own course. Motor Yachts: [...]","protected":false},"author":1,"featured_media":0,"parent":0,"menu_order":0,"comment_status":"closed","ping_status":"closed","template":"","meta":{"footnotes":""},"class_list":["post-3628","page","type-page","status-publish","hentry"],"_links":{"self":[{"href":"https:\/\/www.yachttogo.com\/de\/wp-json\/wp\/v2\/pages\/3628","targetHints":{"allow":["GET"]}}],"collection":[{"href":"https:\/\/www.yachttogo.com\/de\/wp-json\/wp\/v2\/pages"}],"about":[{"href":"https:\/\/www.yachttogo.com\/de\/wp-json\/wp\/v2\/types\/page"}],"author":[{"embeddable":true,"href":"https:\/\/www.yachttogo.com\/de\/wp-json\/wp\/v2\/users\/1"}],"replies":[{"embeddable":true,"href":"https:\/\/www.yachttogo.com\/de\/wp-json\/wp\/v2\/comments?post=3628"}],"version-history":[{"count":2,"href":"https:\/\/www.yachttogo.com\/de\/wp-json\/wp\/v2\/pages\/3628\/revisions"}],"predecessor-version":[{"id":35520,"href":"https:\/\/www.yachttogo.com\/de\/wp-json\/wp\/v2\/pages\/3628\/revisions\/35520"}],"wp:attachment":[{"href":"https:\/\/www.yachttogo.com\/de\/wp-json\/wp\/v2\/media?parent=3628"}],"curies":[{"name":"wp","href":"https:\/\/api.w.org\/{rel}","templated":true}]}}